{"id":7605,"date":"2021-12-17T00:00:00","date_gmt":"2021-12-16T23:00:00","guid":{"rendered":"https:\/\/modelkars.com\/?post_type=product&#038;p=7605"},"modified":"2025-12-01T01:54:34","modified_gmt":"2025-12-01T00:54:34","slug":"155068224-porsche-911-991-gt3-rs-blanc","status":"publish","type":"product","link":"https:\/\/modelkars.com\/fr\/shop\/minichamps\/155068224-porsche-911-991-gt3-rs-blanc\/","title":{"rendered":"Porsche 911 GT3 RS (991.2)"},"content":{"rendered":"","protected":false},"excerpt":{"rendered":"<p>L\u2019embl\u00e9matique Porsche 911 type 991.2 est ici reproduite en version GT3 RS dans une livr\u00e9e blanche \u00e0 jantes noires. Fabriqu\u00e9e par Minichamps, cette voiture miniature \u00e0 l\u2019\u00e9chelle 1:18 est r\u00e9alis\u00e9e en m\u00e9tal.<\/p>\n","protected":false},"featured_media":28130,"template":"","meta":{"_seopress_robots_primary_cat":"none","_seopress_titles_title":"","_seopress_titles_desc":"","_seopress_robots_index":""},"product_brand":[],"product_cat":[94],"product_tag":[84,89,85],"class_list":{"0":"post-7605","1":"product","2":"type-product","3":"status-publish","4":"has-post-thumbnail","6":"product_cat-minichamps","7":"product_tag-echelle-118","8":"product_tag-metal","9":"product_tag-sans-ouvrants","10":"product_shipping_class-delivengo","12":"first","13":"outofstock","14":"taxable","15":"shipping-taxable","16":"purchasable","17":"product-type-simple"},"_links":{"self":[{"href":"https:\/\/modelkars.com\/fr\/wp-json\/wp\/v2\/product\/7605","targetHints":{"allow":["GET"]}}],"collection":[{"href":"https:\/\/modelkars.com\/fr\/wp-json\/wp\/v2\/product"}],"about":[{"href":"https:\/\/modelkars.com\/fr\/wp-json\/wp\/v2\/types\/product"}],"wp:featuredmedia":[{"embeddable":true,"href":"https:\/\/modelkars.com\/fr\/wp-json\/wp\/v2\/media\/28130"}],"wp:attachment":[{"href":"https:\/\/modelkars.com\/fr\/wp-json\/wp\/v2\/media?parent=7605"}],"wp:term":[{"taxonomy":"product_brand","embeddable":true,"href":"https:\/\/modelkars.com\/fr\/wp-json\/wp\/v2\/product_brand?post=7605"},{"taxonomy":"product_cat","embeddable":true,"href":"https:\/\/modelkars.com\/fr\/wp-json\/wp\/v2\/product_cat?post=7605"},{"taxonomy":"product_tag","embeddable":true,"href":"https:\/\/modelkars.com\/fr\/wp-json\/wp\/v2\/product_tag?post=7605"}],"curies":[{"name":"wp","href":"https:\/\/api.w.org\/{rel}","templated":true}]}}