{"id":75820,"date":"2025-10-21T11:56:32","date_gmt":"2025-10-21T09:56:32","guid":{"rendered":"https:\/\/modelkars.com\/?post_type=product&#038;p=75820"},"modified":"2025-12-01T01:51:41","modified_gmt":"2025-12-01T00:51:41","slug":"ml001y-mercedes-c-63-amg-black-series-jaune","status":"publish","type":"product","link":"https:\/\/modelkars.com\/fr\/shop\/memory-line\/ml001y-mercedes-c-63-amg-black-series-jaune\/","title":{"rendered":"Mercedes-Benz C 63 AMG Black Series"},"content":{"rendered":"","protected":false},"excerpt":{"rendered":"<p>Cette Mercedes C 63 AMG Black Series \u00e0 l&rsquo;\u00e9chelle 1:18 met en lumi\u00e8re la personnalit\u00e9 explosive de ce coup\u00e9 radical dans une teinte jaune. Fabriqu\u00e9e par Memory Lines en r\u00e9sine, limit\u00e9e \u00e0 99 exemplaires avec socle et vitrine, elle c\u00e9l\u00e8bre une machine d\u00e9velopp\u00e9e directement \u00e0 partir de l&rsquo;exp\u00e9rience DTM de Mercedes. Avec ses \u00e9largisseurs d&rsquo;ailes viss\u00e9s et son capot en carbone, la Black Series transformait la sage Classe C en v\u00e9ritable arme de circuit homologu\u00e9e pour la route.<\/p>\n","protected":false},"featured_media":75836,"template":"","meta":{"_seopress_robots_primary_cat":"","_seopress_titles_title":"","_seopress_titles_desc":"","_seopress_robots_index":""},"product_brand":[],"product_cat":[672],"product_tag":[84,93,92,85,86,323],"class_list":{"0":"post-75820","1":"product","2":"type-product","3":"status-publish","4":"has-post-thumbnail","6":"product_cat-memory-line","7":"product_tag-echelle-118","8":"product_tag-edition-limitee","9":"product_tag-resine","10":"product_tag-sans-ouvrants","11":"product_tag-socle-inclus","12":"product_tag-vitrine-incluse","14":"first","15":"outofstock","16":"taxable","17":"shipping-taxable","18":"purchasable","19":"product-type-simple"},"_links":{"self":[{"href":"https:\/\/modelkars.com\/fr\/wp-json\/wp\/v2\/product\/75820","targetHints":{"allow":["GET"]}}],"collection":[{"href":"https:\/\/modelkars.com\/fr\/wp-json\/wp\/v2\/product"}],"about":[{"href":"https:\/\/modelkars.com\/fr\/wp-json\/wp\/v2\/types\/product"}],"wp:featuredmedia":[{"embeddable":true,"href":"https:\/\/modelkars.com\/fr\/wp-json\/wp\/v2\/media\/75836"}],"wp:attachment":[{"href":"https:\/\/modelkars.com\/fr\/wp-json\/wp\/v2\/media?parent=75820"}],"wp:term":[{"taxonomy":"product_brand","embeddable":true,"href":"https:\/\/modelkars.com\/fr\/wp-json\/wp\/v2\/product_brand?post=75820"},{"taxonomy":"product_cat","embeddable":true,"href":"https:\/\/modelkars.com\/fr\/wp-json\/wp\/v2\/product_cat?post=75820"},{"taxonomy":"product_tag","embeddable":true,"href":"https:\/\/modelkars.com\/fr\/wp-json\/wp\/v2\/product_tag?post=75820"}],"curies":[{"name":"wp","href":"https:\/\/api.w.org\/{rel}","templated":true}]}}