{"id":75817,"date":"2025-10-21T11:56:31","date_gmt":"2025-10-21T09:56:31","guid":{"rendered":"https:\/\/modelkars.com\/?post_type=product&#038;p=75817"},"modified":"2025-12-01T01:51:42","modified_gmt":"2025-12-01T00:51:42","slug":"18s1085-porsche-911-964-turbo-s-leichtbau-bleu","status":"publish","type":"product","link":"https:\/\/modelkars.com\/fr\/shop\/precommandes\/18s1085-porsche-911-964-turbo-s-leichtbau-bleu\/","title":{"rendered":"Porsche 911 (964) Turbo S Leichtbau"},"content":{"rendered":"","protected":false},"excerpt":{"rendered":"<p>Cette Porsche 911 (964) Turbo S Leichtbau \u00e0 l&rsquo;\u00e9chelle 1:18 reproduit l&rsquo;une des 911 Turbo les plus rares et radicales jamais produites. Cr\u00e9\u00e9e par Spark en couleur bleue, limit\u00e9e \u00e0 911 exemplaires avec socle et vitrine, elle c\u00e9l\u00e8bre ce mod\u00e8le all\u00e9g\u00e9 de 180 kg. D\u00e9velopp\u00e9e au d\u00e9but des ann\u00e9es 90, seulement 86 exemplaires de la Turbo S Leichtbau furent construits, utilisant des panneaux en fibre de carbone et supprimant la climatisation et la direction assist\u00e9e pour atteindre un poids de seulement 1290 kg.<\/p>\n","protected":false},"featured_media":75903,"template":"","meta":{"_seopress_robots_primary_cat":"","_seopress_titles_title":"","_seopress_titles_desc":"","_seopress_robots_index":""},"product_brand":[],"product_cat":[163,216],"product_tag":[84,93,92,85,86,323],"class_list":{"0":"post-75817","1":"product","2":"type-product","3":"status-publish","4":"has-post-thumbnail","6":"product_cat-precommandes","7":"product_cat-spark","8":"product_tag-echelle-118","9":"product_tag-edition-limitee","10":"product_tag-resine","11":"product_tag-sans-ouvrants","12":"product_tag-socle-inclus","13":"product_tag-vitrine-incluse","15":"first","16":"outofstock","17":"taxable","18":"shipping-taxable","19":"purchasable","20":"product-type-simple"},"_links":{"self":[{"href":"https:\/\/modelkars.com\/fr\/wp-json\/wp\/v2\/product\/75817","targetHints":{"allow":["GET"]}}],"collection":[{"href":"https:\/\/modelkars.com\/fr\/wp-json\/wp\/v2\/product"}],"about":[{"href":"https:\/\/modelkars.com\/fr\/wp-json\/wp\/v2\/types\/product"}],"wp:featuredmedia":[{"embeddable":true,"href":"https:\/\/modelkars.com\/fr\/wp-json\/wp\/v2\/media\/75903"}],"wp:attachment":[{"href":"https:\/\/modelkars.com\/fr\/wp-json\/wp\/v2\/media?parent=75817"}],"wp:term":[{"taxonomy":"product_brand","embeddable":true,"href":"https:\/\/modelkars.com\/fr\/wp-json\/wp\/v2\/product_brand?post=75817"},{"taxonomy":"product_cat","embeddable":true,"href":"https:\/\/modelkars.com\/fr\/wp-json\/wp\/v2\/product_cat?post=75817"},{"taxonomy":"product_tag","embeddable":true,"href":"https:\/\/modelkars.com\/fr\/wp-json\/wp\/v2\/product_tag?post=75817"}],"curies":[{"name":"wp","href":"https:\/\/api.w.org\/{rel}","templated":true}]}}