{"id":75542,"date":"2025-10-14T22:07:56","date_gmt":"2025-10-14T20:07:56","guid":{"rendered":"https:\/\/modelkars.com\/?post_type=product&#038;p=75542"},"modified":"2025-12-01T01:51:43","modified_gmt":"2025-12-01T00:51:43","slug":"ts0651-porsche-911-gt3r-skeleton-rexy-ao-racing-imsa-petit-lemans-2025","status":"publish","type":"product","link":"https:\/\/modelkars.com\/fr\/shop\/precommandes\/ts0651-porsche-911-gt3r-skeleton-rexy-ao-racing-imsa-petit-lemans-2025\/","title":{"rendered":"Porsche 911 GT3 R \u00ab\u00a0Skeleton Rexy\u00a0\u00bb AO-Racing IMSA Petit LeMans 2025"},"content":{"rendered":"","protected":false},"excerpt":{"rendered":"<p>Cette voiture miniature \u00e0 l&rsquo;\u00e9chelle 1:18\u00e8me reproduit la Porsche 911 GT3 R \u00ab\u00a0Skeleton Rexy\u00a0\u00bb de la team AO-Racing dans un coloris sp\u00e9cifique pour l&rsquo;IMSA Petit LeMans 2025. Fabriqu\u00e9 par TopSpeed, ce mod\u00e8le r\u00e9duit est r\u00e9alis\u00e9 en r\u00e9sine. Miniature produite en s\u00e9rie limit\u00e9e.<\/p>\n","protected":false},"featured_media":75544,"template":"","meta":{"_seopress_robots_primary_cat":"","_seopress_titles_title":"","_seopress_titles_desc":"","_seopress_robots_index":""},"product_brand":[],"product_cat":[163,74],"product_tag":[84,93,92,85,86],"class_list":{"0":"post-75542","1":"product","2":"type-product","3":"status-publish","4":"has-post-thumbnail","6":"product_cat-precommandes","7":"product_cat-topspeed","8":"product_tag-echelle-118","9":"product_tag-edition-limitee","10":"product_tag-resine","11":"product_tag-sans-ouvrants","12":"product_tag-socle-inclus","14":"first","15":"outofstock","16":"taxable","17":"shipping-taxable","18":"purchasable","19":"product-type-simple"},"_links":{"self":[{"href":"https:\/\/modelkars.com\/fr\/wp-json\/wp\/v2\/product\/75542","targetHints":{"allow":["GET"]}}],"collection":[{"href":"https:\/\/modelkars.com\/fr\/wp-json\/wp\/v2\/product"}],"about":[{"href":"https:\/\/modelkars.com\/fr\/wp-json\/wp\/v2\/types\/product"}],"wp:featuredmedia":[{"embeddable":true,"href":"https:\/\/modelkars.com\/fr\/wp-json\/wp\/v2\/media\/75544"}],"wp:attachment":[{"href":"https:\/\/modelkars.com\/fr\/wp-json\/wp\/v2\/media?parent=75542"}],"wp:term":[{"taxonomy":"product_brand","embeddable":true,"href":"https:\/\/modelkars.com\/fr\/wp-json\/wp\/v2\/product_brand?post=75542"},{"taxonomy":"product_cat","embeddable":true,"href":"https:\/\/modelkars.com\/fr\/wp-json\/wp\/v2\/product_cat?post=75542"},{"taxonomy":"product_tag","embeddable":true,"href":"https:\/\/modelkars.com\/fr\/wp-json\/wp\/v2\/product_tag?post=75542"}],"curies":[{"name":"wp","href":"https:\/\/api.w.org\/{rel}","templated":true}]}}