{"id":74865,"date":"2025-10-31T00:00:01","date_gmt":"2025-10-30T23:00:01","guid":{"rendered":"https:\/\/modelkars.com\/?post_type=product&#038;p=74865"},"modified":"2025-12-02T00:00:10","modified_gmt":"2025-12-01T23:00:10","slug":"wap0210560tgts-porsche-911-carrera-4-gts-992-2-40y-porsche-italia-blusogno","status":"publish","type":"product","link":"https:\/\/modelkars.com\/fr\/shop\/spark\/wap0210560tgts-porsche-911-carrera-4-gts-992-2-40y-porsche-italia-blusogno\/","title":{"rendered":"Porsche 911 Carrera 4 GTS (992.2) 40Y Porsche Italia"},"content":{"rendered":"","protected":false},"excerpt":{"rendered":"<p>Cette Porsche 911 Carrera 4 GTS (992.2) 40Y Porsche Italia \u00e0 l&rsquo;\u00e9chelle 1:18 comm\u00e9more les 40 ans de Porsche Italie dans une teinte bleue distinctive. Fabriqu\u00e9e en r\u00e9sine par Spark, cette \u00e9dition limit\u00e9e \u00e0 992 exemplaires (clin d&rsquo;\u0153il \u00e0 la g\u00e9n\u00e9ration 992) est livr\u00e9e avec socle et vitrine. La Carrera 4 GTS b\u00e9n\u00e9ficie du syst\u00e8me de transmission int\u00e9grale active de Porsche, r\u00e9partissant intelligemment la puissance entre les essieux pour une tenue de route optimale.<\/p>\n","protected":false},"featured_media":75782,"template":"","meta":{"_seopress_robots_primary_cat":"","_seopress_titles_title":"","_seopress_titles_desc":"","_seopress_robots_index":""},"product_brand":[],"product_cat":[216],"product_tag":[84,93,92,85,86,323],"class_list":{"0":"post-74865","1":"product","2":"type-product","3":"status-publish","4":"has-post-thumbnail","6":"product_cat-spark","7":"product_tag-echelle-118","8":"product_tag-edition-limitee","9":"product_tag-resine","10":"product_tag-sans-ouvrants","11":"product_tag-socle-inclus","12":"product_tag-vitrine-incluse","14":"first","15":"outofstock","16":"taxable","17":"shipping-taxable","18":"purchasable","19":"product-type-simple"},"_links":{"self":[{"href":"https:\/\/modelkars.com\/fr\/wp-json\/wp\/v2\/product\/74865","targetHints":{"allow":["GET"]}}],"collection":[{"href":"https:\/\/modelkars.com\/fr\/wp-json\/wp\/v2\/product"}],"about":[{"href":"https:\/\/modelkars.com\/fr\/wp-json\/wp\/v2\/types\/product"}],"wp:featuredmedia":[{"embeddable":true,"href":"https:\/\/modelkars.com\/fr\/wp-json\/wp\/v2\/media\/75782"}],"wp:attachment":[{"href":"https:\/\/modelkars.com\/fr\/wp-json\/wp\/v2\/media?parent=74865"}],"wp:term":[{"taxonomy":"product_brand","embeddable":true,"href":"https:\/\/modelkars.com\/fr\/wp-json\/wp\/v2\/product_brand?post=74865"},{"taxonomy":"product_cat","embeddable":true,"href":"https:\/\/modelkars.com\/fr\/wp-json\/wp\/v2\/product_cat?post=74865"},{"taxonomy":"product_tag","embeddable":true,"href":"https:\/\/modelkars.com\/fr\/wp-json\/wp\/v2\/product_tag?post=74865"}],"curies":[{"name":"wp","href":"https:\/\/api.w.org\/{rel}","templated":true}]}}