{"id":74864,"date":"2025-11-24T17:27:57","date_gmt":"2025-11-24T16:27:57","guid":{"rendered":"https:\/\/modelkars.com\/?post_type=product&#038;p=74864"},"modified":"2025-12-05T20:26:16","modified_gmt":"2025-12-05T19:26:16","slug":"wap0210230t911-porsche-911-carrera-s-992-2-xmas-2025-noir-effets-de-neige-skis-sur-le-toit","status":"publish","type":"product","link":"https:\/\/modelkars.com\/fr\/shop\/spark\/wap0210230t911-porsche-911-carrera-s-992-2-xmas-2025-noir-effets-de-neige-skis-sur-le-toit\/","title":{"rendered":"Porsche 911 Carrera S (992.2) Xmas 2025"},"content":{"rendered":"","protected":false},"excerpt":{"rendered":"<p>Cette Porsche 911 Carrera S (992.2) Xmas 2025 \u00e0 l&rsquo;\u00e9chelle 1:18 c\u00e9l\u00e8bre les f\u00eates avec un coloris noir rehauss\u00e9 d&rsquo;effets de neige et de skis sur le toit. Fabriqu\u00e9e en r\u00e9sine par Spark, cette \u00e9dition limit\u00e9e \u00e0 500 exemplaires est pr\u00e9sent\u00e9e sur un socle enneig\u00e9 avec vitrine. Ce mod\u00e8le atypique capture l&rsquo;esprit festif de la saison avec sa mise en sc\u00e8ne originale qui sort des standards habituels des miniatures de collection.<\/p>\n","protected":false},"featured_media":76539,"template":"","meta":{"_seopress_robots_primary_cat":"","_seopress_titles_title":"","_seopress_titles_desc":"","_seopress_robots_index":""},"product_brand":[],"product_cat":[216],"product_tag":[84,93,92,85,86,323],"class_list":{"0":"post-74864","1":"product","2":"type-product","3":"status-publish","4":"has-post-thumbnail","6":"product_cat-spark","7":"product_tag-echelle-118","8":"product_tag-edition-limitee","9":"product_tag-resine","10":"product_tag-sans-ouvrants","11":"product_tag-socle-inclus","12":"product_tag-vitrine-incluse","14":"first","15":"outofstock","16":"taxable","17":"shipping-taxable","18":"purchasable","19":"product-type-simple"},"_links":{"self":[{"href":"https:\/\/modelkars.com\/fr\/wp-json\/wp\/v2\/product\/74864","targetHints":{"allow":["GET"]}}],"collection":[{"href":"https:\/\/modelkars.com\/fr\/wp-json\/wp\/v2\/product"}],"about":[{"href":"https:\/\/modelkars.com\/fr\/wp-json\/wp\/v2\/types\/product"}],"wp:featuredmedia":[{"embeddable":true,"href":"https:\/\/modelkars.com\/fr\/wp-json\/wp\/v2\/media\/76539"}],"wp:attachment":[{"href":"https:\/\/modelkars.com\/fr\/wp-json\/wp\/v2\/media?parent=74864"}],"wp:term":[{"taxonomy":"product_brand","embeddable":true,"href":"https:\/\/modelkars.com\/fr\/wp-json\/wp\/v2\/product_brand?post=74864"},{"taxonomy":"product_cat","embeddable":true,"href":"https:\/\/modelkars.com\/fr\/wp-json\/wp\/v2\/product_cat?post=74864"},{"taxonomy":"product_tag","embeddable":true,"href":"https:\/\/modelkars.com\/fr\/wp-json\/wp\/v2\/product_tag?post=74864"}],"curies":[{"name":"wp","href":"https:\/\/api.w.org\/{rel}","templated":true}]}}