{"id":74827,"date":"2025-09-30T17:07:05","date_gmt":"2025-09-30T15:07:05","guid":{"rendered":"https:\/\/modelkars.com\/?post_type=product&#038;p=74827"},"modified":"2025-12-01T01:51:47","modified_gmt":"2025-12-01T00:51:47","slug":"ft97601218-alpina-b3-gt-touring-g21-vert-brewster","status":"publish","type":"product","link":"https:\/\/modelkars.com\/fr\/shop\/gt-spirit\/ft97601218-alpina-b3-gt-touring-g21-vert-brewster\/","title":{"rendered":"Alpina B3 GT Touring (G21 LCI)"},"content":{"rendered":"","protected":false},"excerpt":{"rendered":"<p>Cette Alpina B3 GT Touring \u00e0 l&rsquo;\u00e9chelle 1:18 reproduit fid\u00e8lement le break sportif allemand dans une teinte vert Brewster. Fabriqu\u00e9e en r\u00e9sine par GT Spirit, cette miniature en s\u00e9rie limit\u00e9e repose sur un socle et est livr\u00e9e dans un packaging officiel Alpina. L&rsquo;Alpina B3 GT Touring d\u00e9veloppe 529 chevaux et peut atteindre 305 km\/h, ce qui en fait l&rsquo;un des breaks les plus rapides au monde.<\/p>\n","protected":false},"featured_media":74846,"template":"","meta":{"_seopress_robots_primary_cat":"","_seopress_titles_title":"","_seopress_titles_desc":"","_seopress_robots_index":""},"product_brand":[],"product_cat":[71,163],"product_tag":[84,93,92,85,86],"class_list":{"0":"post-74827","1":"product","2":"type-product","3":"status-publish","4":"has-post-thumbnail","6":"product_cat-gt-spirit","7":"product_cat-precommandes","8":"product_tag-echelle-118","9":"product_tag-edition-limitee","10":"product_tag-resine","11":"product_tag-sans-ouvrants","12":"product_tag-socle-inclus","14":"first","15":"outofstock","16":"taxable","17":"shipping-taxable","18":"purchasable","19":"product-type-simple"},"_links":{"self":[{"href":"https:\/\/modelkars.com\/fr\/wp-json\/wp\/v2\/product\/74827","targetHints":{"allow":["GET"]}}],"collection":[{"href":"https:\/\/modelkars.com\/fr\/wp-json\/wp\/v2\/product"}],"about":[{"href":"https:\/\/modelkars.com\/fr\/wp-json\/wp\/v2\/types\/product"}],"wp:featuredmedia":[{"embeddable":true,"href":"https:\/\/modelkars.com\/fr\/wp-json\/wp\/v2\/media\/74846"}],"wp:attachment":[{"href":"https:\/\/modelkars.com\/fr\/wp-json\/wp\/v2\/media?parent=74827"}],"wp:term":[{"taxonomy":"product_brand","embeddable":true,"href":"https:\/\/modelkars.com\/fr\/wp-json\/wp\/v2\/product_brand?post=74827"},{"taxonomy":"product_cat","embeddable":true,"href":"https:\/\/modelkars.com\/fr\/wp-json\/wp\/v2\/product_cat?post=74827"},{"taxonomy":"product_tag","embeddable":true,"href":"https:\/\/modelkars.com\/fr\/wp-json\/wp\/v2\/product_tag?post=74827"}],"curies":[{"name":"wp","href":"https:\/\/api.w.org\/{rel}","templated":true}]}}