{"id":73565,"date":"2025-09-12T19:42:11","date_gmt":"2025-09-12T17:42:11","guid":{"rendered":"https:\/\/modelkars.com\/?post_type=product&#038;p=73565"},"modified":"2025-12-01T01:51:50","modified_gmt":"2025-12-01T00:51:50","slug":"p18255a-maserati-gt2-stradale-bianco-audace-mate","status":"publish","type":"product","link":"https:\/\/modelkars.com\/fr\/shop\/bbr\/p18255a-maserati-gt2-stradale-bianco-audace-mate\/","title":{"rendered":"Maserati GT2 Stradale"},"content":{"rendered":"","protected":false},"excerpt":{"rendered":"<p>Cette Maserati GT2 Stradale \u00e0 l&rsquo;\u00e9chelle 1:18 dans la finition Bianco Audace mate est une cr\u00e9ation BBR en r\u00e9sine pr\u00e9sent\u00e9e sur socle en s\u00e9rie limit\u00e9e. Cette miniature reproduit fid\u00e8lement la version routi\u00e8re de la GT2 de course, d\u00e9veloppant 631 chevaux avec le moteur Nettuno V6 biturbo. La GT2 Stradale produit 914 exemplaires mondiaux en hommage \u00e0 l&rsquo;ann\u00e9e de fondation de Maserati en 1914.<\/p>\n","protected":false},"featured_media":73588,"template":"","meta":{"_seopress_robots_primary_cat":"","_seopress_titles_title":"","_seopress_titles_desc":"","_seopress_robots_index":""},"product_brand":[],"product_cat":[315,163],"product_tag":[84,93,92,85,86],"class_list":{"0":"post-73565","1":"product","2":"type-product","3":"status-publish","4":"has-post-thumbnail","6":"product_cat-bbr","7":"product_cat-precommandes","8":"product_tag-echelle-118","9":"product_tag-edition-limitee","10":"product_tag-resine","11":"product_tag-sans-ouvrants","12":"product_tag-socle-inclus","14":"first","15":"instock","16":"taxable","17":"shipping-taxable","18":"purchasable","19":"product-type-simple"},"_links":{"self":[{"href":"https:\/\/modelkars.com\/fr\/wp-json\/wp\/v2\/product\/73565","targetHints":{"allow":["GET"]}}],"collection":[{"href":"https:\/\/modelkars.com\/fr\/wp-json\/wp\/v2\/product"}],"about":[{"href":"https:\/\/modelkars.com\/fr\/wp-json\/wp\/v2\/types\/product"}],"wp:featuredmedia":[{"embeddable":true,"href":"https:\/\/modelkars.com\/fr\/wp-json\/wp\/v2\/media\/73588"}],"wp:attachment":[{"href":"https:\/\/modelkars.com\/fr\/wp-json\/wp\/v2\/media?parent=73565"}],"wp:term":[{"taxonomy":"product_brand","embeddable":true,"href":"https:\/\/modelkars.com\/fr\/wp-json\/wp\/v2\/product_brand?post=73565"},{"taxonomy":"product_cat","embeddable":true,"href":"https:\/\/modelkars.com\/fr\/wp-json\/wp\/v2\/product_cat?post=73565"},{"taxonomy":"product_tag","embeddable":true,"href":"https:\/\/modelkars.com\/fr\/wp-json\/wp\/v2\/product_tag?post=73565"}],"curies":[{"name":"wp","href":"https:\/\/api.w.org\/{rel}","templated":true}]}}