{"id":7334,"date":"2019-09-24T15:58:53","date_gmt":"2019-09-24T13:58:53","guid":{"rendered":"https:\/\/modelkars.com\/?post_type=product&#038;p=7334"},"modified":"2025-12-01T01:55:25","modified_gmt":"2025-12-01T00:55:25","slug":"70988-bugatti-vision-gran-turismo-rouge","status":"publish","type":"product","link":"https:\/\/modelkars.com\/fr\/shop\/autoart\/70988-bugatti-vision-gran-turismo-rouge\/","title":{"rendered":"Bugatti Vision Gran Turismo"},"content":{"rendered":"","protected":false},"excerpt":{"rendered":"<p>Cette miniature haut de gamme \u00e0 l&rsquo;\u00e9chelle 1:18 reproduit fid\u00e8lement la Bugatti Vision GT dans sa livr\u00e9e bicolore rouge Italian et carbone noir. Fabriqu\u00e9e par AUTOart, ce mod\u00e8le r\u00e9duit d&rsquo;une finition exceptionnelle poss\u00e8de les portes ouvrantes, les roues avant directionnelles et l&rsquo;aileron est \u00e9galement mobile.<\/p>\n","protected":false},"featured_media":7455,"template":"","meta":{"_seopress_robots_primary_cat":"none","_seopress_titles_title":"","_seopress_titles_desc":"","_seopress_robots_index":""},"product_brand":[],"product_cat":[118],"product_tag":[117,119,84],"class_list":{"0":"post-7334","1":"product","2":"type-product","3":"status-publish","4":"has-post-thumbnail","6":"product_cat-autoart","7":"product_tag-avec-ouvrants","8":"product_tag-composite","9":"product_tag-echelle-118","11":"first","12":"outofstock","13":"taxable","14":"shipping-taxable","15":"purchasable","16":"product-type-simple"},"_links":{"self":[{"href":"https:\/\/modelkars.com\/fr\/wp-json\/wp\/v2\/product\/7334","targetHints":{"allow":["GET"]}}],"collection":[{"href":"https:\/\/modelkars.com\/fr\/wp-json\/wp\/v2\/product"}],"about":[{"href":"https:\/\/modelkars.com\/fr\/wp-json\/wp\/v2\/types\/product"}],"wp:featuredmedia":[{"embeddable":true,"href":"https:\/\/modelkars.com\/fr\/wp-json\/wp\/v2\/media\/7455"}],"wp:attachment":[{"href":"https:\/\/modelkars.com\/fr\/wp-json\/wp\/v2\/media?parent=7334"}],"wp:term":[{"taxonomy":"product_brand","embeddable":true,"href":"https:\/\/modelkars.com\/fr\/wp-json\/wp\/v2\/product_brand?post=7334"},{"taxonomy":"product_cat","embeddable":true,"href":"https:\/\/modelkars.com\/fr\/wp-json\/wp\/v2\/product_cat?post=7334"},{"taxonomy":"product_tag","embeddable":true,"href":"https:\/\/modelkars.com\/fr\/wp-json\/wp\/v2\/product_tag?post=7334"}],"curies":[{"name":"wp","href":"https:\/\/api.w.org\/{rel}","templated":true}]}}