{"id":73286,"date":"2025-10-17T00:00:01","date_gmt":"2025-10-16T22:00:01","guid":{"rendered":"https:\/\/modelkars.com\/?post_type=product&#038;p=73286"},"modified":"2025-12-02T00:00:12","modified_gmt":"2025-12-01T23:00:12","slug":"p18237cha1-ferrari-sf90-xx-stradale-cameleon-toit-noir","status":"publish","type":"product","link":"https:\/\/modelkars.com\/fr\/shop\/bbr\/p18237cha1-ferrari-sf90-xx-stradale-cameleon-toit-noir\/","title":{"rendered":"Ferrari SF90 XX Stradale"},"content":{"rendered":"","protected":false},"excerpt":{"rendered":"<p>Cette reproduction \u00e0 l&rsquo;\u00e9chelle 1:18 de la Ferrari SF90 XX Stradale en cam\u00e9l\u00e9on avec toit noir est fa\u00e7onn\u00e9e par BBR en r\u00e9sine, limit\u00e9e \u00e0 15 exemplaires avec socle carbone. Cette miniature rend hommage \u00e0 la supercar qui inaugure une nouvelle \u00e8re chez Ferrari avec son aileron arri\u00e8re fixe, le premier sur une Ferrari de route depuis la F50. Le mod\u00e8le original b\u00e9n\u00e9ficiait d&rsquo;un rapport de compression augment\u00e9 et d&rsquo;un syst\u00e8me hot tube optimis\u00e9 pour une sonorit\u00e9 V8 encore plus riche.<\/p>\n","protected":false},"featured_media":73339,"template":"","meta":{"_seopress_robots_primary_cat":"","_seopress_titles_title":"","_seopress_titles_desc":"","_seopress_robots_index":""},"product_brand":[],"product_cat":[315],"product_tag":[84,93,92,85,86],"class_list":{"0":"post-73286","1":"product","2":"type-product","3":"status-publish","4":"has-post-thumbnail","6":"product_cat-bbr","7":"product_tag-echelle-118","8":"product_tag-edition-limitee","9":"product_tag-resine","10":"product_tag-sans-ouvrants","11":"product_tag-socle-inclus","13":"first","14":"instock","15":"taxable","16":"shipping-taxable","17":"purchasable","18":"product-type-simple"},"_links":{"self":[{"href":"https:\/\/modelkars.com\/fr\/wp-json\/wp\/v2\/product\/73286","targetHints":{"allow":["GET"]}}],"collection":[{"href":"https:\/\/modelkars.com\/fr\/wp-json\/wp\/v2\/product"}],"about":[{"href":"https:\/\/modelkars.com\/fr\/wp-json\/wp\/v2\/types\/product"}],"wp:featuredmedia":[{"embeddable":true,"href":"https:\/\/modelkars.com\/fr\/wp-json\/wp\/v2\/media\/73339"}],"wp:attachment":[{"href":"https:\/\/modelkars.com\/fr\/wp-json\/wp\/v2\/media?parent=73286"}],"wp:term":[{"taxonomy":"product_brand","embeddable":true,"href":"https:\/\/modelkars.com\/fr\/wp-json\/wp\/v2\/product_brand?post=73286"},{"taxonomy":"product_cat","embeddable":true,"href":"https:\/\/modelkars.com\/fr\/wp-json\/wp\/v2\/product_cat?post=73286"},{"taxonomy":"product_tag","embeddable":true,"href":"https:\/\/modelkars.com\/fr\/wp-json\/wp\/v2\/product_tag?post=73286"}],"curies":[{"name":"wp","href":"https:\/\/api.w.org\/{rel}","templated":true}]}}