{"id":73284,"date":"2026-01-28T00:00:01","date_gmt":"2026-01-27T23:00:01","guid":{"rendered":"https:\/\/modelkars.com\/?post_type=product&#038;p=73284"},"modified":"2026-01-29T21:55:00","modified_gmt":"2026-01-29T20:55:00","slug":"p18180lm23-ferrari-sf90-stradale-rouge-bandes-jaunes","status":"publish","type":"product","link":"https:\/\/modelkars.com\/fr\/shop\/bbr\/p18180lm23-ferrari-sf90-stradale-rouge-bandes-jaunes\/","title":{"rendered":"Ferrari SF90 Stradale"},"content":{"rendered":"","protected":false},"excerpt":{"rendered":"<p>Cette Ferrari SF90 Stradale \u00e0 l&rsquo;\u00e9chelle 1:18 en rouge avec bandes jaunes est r\u00e9alis\u00e9e par BBR en r\u00e9sine, limit\u00e9e \u00e0 20 exemplaires avec socle carbone. Cette miniature arbore la livr\u00e9e de la Ferrari 499P num\u00e9ro 51 victorieuse aux 24 Heures du Mans 2023, cr\u00e9ant un pont symbolique entre la route et la piste. La SF90 Stradale \u00e9tait la premi\u00e8re Ferrari de s\u00e9rie hybride rechargeable, d\u00e9veloppant 1000 chevaux gr\u00e2ce \u00e0 son V8 4,0 litres biturbo de 780 chevaux assist\u00e9 de trois moteurs \u00e9lectriques totalisant 220 chevaux.<\/p>\n","protected":false},"featured_media":73289,"template":"","meta":{"_seopress_robots_primary_cat":"","_seopress_titles_title":"","_seopress_titles_desc":"","_seopress_robots_index":""},"product_brand":[],"product_cat":[315],"product_tag":[84,93,92,85,86],"class_list":{"0":"post-73284","1":"product","2":"type-product","3":"status-publish","4":"has-post-thumbnail","6":"product_cat-bbr","7":"product_tag-echelle-118","8":"product_tag-edition-limitee","9":"product_tag-resine","10":"product_tag-sans-ouvrants","11":"product_tag-socle-inclus","13":"first","14":"instock","15":"taxable","16":"shipping-taxable","17":"purchasable","18":"product-type-simple"},"_links":{"self":[{"href":"https:\/\/modelkars.com\/fr\/wp-json\/wp\/v2\/product\/73284","targetHints":{"allow":["GET"]}}],"collection":[{"href":"https:\/\/modelkars.com\/fr\/wp-json\/wp\/v2\/product"}],"about":[{"href":"https:\/\/modelkars.com\/fr\/wp-json\/wp\/v2\/types\/product"}],"wp:featuredmedia":[{"embeddable":true,"href":"https:\/\/modelkars.com\/fr\/wp-json\/wp\/v2\/media\/73289"}],"wp:attachment":[{"href":"https:\/\/modelkars.com\/fr\/wp-json\/wp\/v2\/media?parent=73284"}],"wp:term":[{"taxonomy":"product_brand","embeddable":true,"href":"https:\/\/modelkars.com\/fr\/wp-json\/wp\/v2\/product_brand?post=73284"},{"taxonomy":"product_cat","embeddable":true,"href":"https:\/\/modelkars.com\/fr\/wp-json\/wp\/v2\/product_cat?post=73284"},{"taxonomy":"product_tag","embeddable":true,"href":"https:\/\/modelkars.com\/fr\/wp-json\/wp\/v2\/product_tag?post=73284"}],"curies":[{"name":"wp","href":"https:\/\/api.w.org\/{rel}","templated":true}]}}