{"id":73279,"date":"2025-09-09T21:42:42","date_gmt":"2025-09-09T19:42:42","guid":{"rendered":"https:\/\/modelkars.com\/?post_type=product&#038;p=73279"},"modified":"2026-04-27T22:30:48","modified_gmt":"2026-04-27T20:30:48","slug":"82004-chevrolet-corvette-c8-r-jaune","status":"publish","type":"product","link":"https:\/\/modelkars.com\/fr\/shop\/autoart\/82004-chevrolet-corvette-c8-r-jaune\/","title":{"rendered":"Chevrolet Corvette C8.R"},"content":{"rendered":"","protected":false},"excerpt":{"rendered":"<p>Cette Chevrolet Corvette C8.R \u00e0 l&rsquo;\u00e9chelle 1:18 en coloris jaune est produite par AUTOart en composite. Ce mod\u00e8le r\u00e9duit reproduit la version de course de la premi\u00e8re Corvette \u00e0 moteur central, qui a marqu\u00e9 l&rsquo;histoire en 2020 en tant que premi\u00e8re Corvette de comp\u00e9tition \u00e0 adopter l&rsquo;architecture mid-engine. La C8.R s&rsquo;est impos\u00e9e d\u00e8s sa deuxi\u00e8me course \u00e0 Daytona en 2020, t\u00e9moignant de l&rsquo;efficacit\u00e9 de ce nouveau concept technique d\u00e9velopp\u00e9 par Pratt &#038; Miller.<\/p>\n","protected":false},"featured_media":73513,"template":"","meta":{"_seopress_robots_primary_cat":"","_seopress_titles_title":"","_seopress_titles_desc":"","_seopress_robots_index":""},"product_brand":[],"product_cat":[118,163],"product_tag":[119,84,85],"class_list":{"0":"post-73279","1":"product","2":"type-product","3":"status-publish","4":"has-post-thumbnail","6":"product_cat-autoart","7":"product_cat-precommandes","8":"product_tag-composite","9":"product_tag-echelle-118","10":"product_tag-sans-ouvrants","12":"first","13":"outofstock","14":"taxable","15":"shipping-taxable","16":"product-type-simple"},"_links":{"self":[{"href":"https:\/\/modelkars.com\/fr\/wp-json\/wp\/v2\/product\/73279","targetHints":{"allow":["GET"]}}],"collection":[{"href":"https:\/\/modelkars.com\/fr\/wp-json\/wp\/v2\/product"}],"about":[{"href":"https:\/\/modelkars.com\/fr\/wp-json\/wp\/v2\/types\/product"}],"wp:featuredmedia":[{"embeddable":true,"href":"https:\/\/modelkars.com\/fr\/wp-json\/wp\/v2\/media\/73513"}],"wp:attachment":[{"href":"https:\/\/modelkars.com\/fr\/wp-json\/wp\/v2\/media?parent=73279"}],"wp:term":[{"taxonomy":"product_brand","embeddable":true,"href":"https:\/\/modelkars.com\/fr\/wp-json\/wp\/v2\/product_brand?post=73279"},{"taxonomy":"product_cat","embeddable":true,"href":"https:\/\/modelkars.com\/fr\/wp-json\/wp\/v2\/product_cat?post=73279"},{"taxonomy":"product_tag","embeddable":true,"href":"https:\/\/modelkars.com\/fr\/wp-json\/wp\/v2\/product_tag?post=73279"}],"curies":[{"name":"wp","href":"https:\/\/api.w.org\/{rel}","templated":true}]}}