{"id":73277,"date":"2025-09-09T21:42:42","date_gmt":"2025-09-09T19:42:42","guid":{"rendered":"https:\/\/modelkars.com\/?post_type=product&#038;p=73277"},"modified":"2026-01-27T21:20:36","modified_gmt":"2026-01-27T20:20:36","slug":"73124-ford-mustang-dark-horse-2024-gris-carbonized-metallise","status":"publish","type":"product","link":"https:\/\/modelkars.com\/fr\/shop\/autoart\/73124-ford-mustang-dark-horse-2024-gris-carbonized-metallise\/","title":{"rendered":"Ford Mustang Dark Horse"},"content":{"rendered":"","protected":false},"excerpt":{"rendered":"<p>Cette Ford Mustang Dark Horse 2024 \u00e0 l&rsquo;\u00e9chelle 1:18 en gris Carbonized m\u00e9tallis\u00e9 est r\u00e9alis\u00e9e par AUTOart en composite avec des parties ouvrantes. Cette miniature immortalise la premi\u00e8re Mustang \u00e0 b\u00e9n\u00e9ficier du nom Dark Horse depuis 2001, r\u00e9f\u00e9rence au \u00ab\u00a0cheval qu&rsquo;on ne voit pas venir\u00a0\u00bb. Le mod\u00e8le original \u00e9tait \u00e9quip\u00e9 de pneus Pirelli P Zero sp\u00e9cifiques et d&rsquo;un package de maniabilit\u00e9 optionnel avec supports de jambes r\u00e9glables pour l&rsquo;usage circuit.<\/p>\n","protected":false},"featured_media":73383,"template":"","meta":{"_seopress_robots_primary_cat":"","_seopress_titles_title":"","_seopress_titles_desc":"","_seopress_robots_index":""},"product_brand":[],"product_cat":[118,163],"product_tag":[117,119,84],"class_list":{"0":"post-73277","1":"product","2":"type-product","3":"status-publish","4":"has-post-thumbnail","6":"product_cat-autoart","7":"product_cat-precommandes","8":"product_tag-avec-ouvrants","9":"product_tag-composite","10":"product_tag-echelle-118","12":"first","13":"outofstock","14":"taxable","15":"shipping-taxable","16":"product-type-simple"},"_links":{"self":[{"href":"https:\/\/modelkars.com\/fr\/wp-json\/wp\/v2\/product\/73277","targetHints":{"allow":["GET"]}}],"collection":[{"href":"https:\/\/modelkars.com\/fr\/wp-json\/wp\/v2\/product"}],"about":[{"href":"https:\/\/modelkars.com\/fr\/wp-json\/wp\/v2\/types\/product"}],"wp:featuredmedia":[{"embeddable":true,"href":"https:\/\/modelkars.com\/fr\/wp-json\/wp\/v2\/media\/73383"}],"wp:attachment":[{"href":"https:\/\/modelkars.com\/fr\/wp-json\/wp\/v2\/media?parent=73277"}],"wp:term":[{"taxonomy":"product_brand","embeddable":true,"href":"https:\/\/modelkars.com\/fr\/wp-json\/wp\/v2\/product_brand?post=73277"},{"taxonomy":"product_cat","embeddable":true,"href":"https:\/\/modelkars.com\/fr\/wp-json\/wp\/v2\/product_cat?post=73277"},{"taxonomy":"product_tag","embeddable":true,"href":"https:\/\/modelkars.com\/fr\/wp-json\/wp\/v2\/product_tag?post=73277"}],"curies":[{"name":"wp","href":"https:\/\/api.w.org\/{rel}","templated":true}]}}