{"id":73273,"date":"2025-09-09T21:42:42","date_gmt":"2025-09-09T19:42:42","guid":{"rendered":"https:\/\/modelkars.com\/?post_type=product&#038;p=73273"},"modified":"2026-01-27T21:20:08","modified_gmt":"2026-01-27T20:20:08","slug":"73120-ford-mustang-dark-horse-2024-blanc-oxford","status":"publish","type":"product","link":"https:\/\/modelkars.com\/fr\/shop\/autoart\/73120-ford-mustang-dark-horse-2024-blanc-oxford\/","title":{"rendered":"Ford Mustang Dark Horse"},"content":{"rendered":"","protected":false},"excerpt":{"rendered":"<p>Cette Ford Mustang Dark Horse 2024 \u00e0 l&rsquo;\u00e9chelle 1:18 en blanc Oxford est fabriqu\u00e9e par AUTOart en composite avec des ouvrants fonctionnels. Ce mod\u00e8le r\u00e9duit immortalise la version la plus aff\u00fbt\u00e9e de la septi\u00e8me g\u00e9n\u00e9ration Mustang, \u00e9quip\u00e9e du moteur Coyote V8 5,0 litres de 500 chevaux. La Dark Horse \u00e9tait capable de s&rsquo;arr\u00eater de 60 mph en seulement 86 pieds gr\u00e2ce \u00e0 son syst\u00e8me de freinage Brembo \u00e0 six pistons avant, un record pour une voiture de production.<\/p>\n","protected":false},"featured_media":73375,"template":"","meta":{"_seopress_robots_primary_cat":"","_seopress_titles_title":"","_seopress_titles_desc":"","_seopress_robots_index":""},"product_brand":[],"product_cat":[118,163],"product_tag":[117,119,84],"class_list":{"0":"post-73273","1":"product","2":"type-product","3":"status-publish","4":"has-post-thumbnail","6":"product_cat-autoart","7":"product_cat-precommandes","8":"product_tag-avec-ouvrants","9":"product_tag-composite","10":"product_tag-echelle-118","12":"first","13":"outofstock","14":"taxable","15":"shipping-taxable","16":"product-type-simple"},"_links":{"self":[{"href":"https:\/\/modelkars.com\/fr\/wp-json\/wp\/v2\/product\/73273","targetHints":{"allow":["GET"]}}],"collection":[{"href":"https:\/\/modelkars.com\/fr\/wp-json\/wp\/v2\/product"}],"about":[{"href":"https:\/\/modelkars.com\/fr\/wp-json\/wp\/v2\/types\/product"}],"wp:featuredmedia":[{"embeddable":true,"href":"https:\/\/modelkars.com\/fr\/wp-json\/wp\/v2\/media\/73375"}],"wp:attachment":[{"href":"https:\/\/modelkars.com\/fr\/wp-json\/wp\/v2\/media?parent=73273"}],"wp:term":[{"taxonomy":"product_brand","embeddable":true,"href":"https:\/\/modelkars.com\/fr\/wp-json\/wp\/v2\/product_brand?post=73273"},{"taxonomy":"product_cat","embeddable":true,"href":"https:\/\/modelkars.com\/fr\/wp-json\/wp\/v2\/product_cat?post=73273"},{"taxonomy":"product_tag","embeddable":true,"href":"https:\/\/modelkars.com\/fr\/wp-json\/wp\/v2\/product_tag?post=73273"}],"curies":[{"name":"wp","href":"https:\/\/api.w.org\/{rel}","templated":true}]}}