{"id":73272,"date":"2025-09-09T21:42:42","date_gmt":"2025-09-09T19:42:42","guid":{"rendered":"https:\/\/modelkars.com\/?post_type=product&#038;p=73272"},"modified":"2026-04-27T22:30:42","modified_gmt":"2026-04-27T20:30:42","slug":"70239-aston-martin-dbs-770-ultimate-rouge-supernova","status":"publish","type":"product","link":"https:\/\/modelkars.com\/fr\/shop\/autoart\/70239-aston-martin-dbs-770-ultimate-rouge-supernova\/","title":{"rendered":"Aston Martin DBS 770 Ultimate"},"content":{"rendered":"","protected":false},"excerpt":{"rendered":"<p>Cette reproduction \u00e0 l&rsquo;\u00e9chelle 1:18 de l&rsquo;Aston Martin DBS 770 Ultimate en rouge Supernova est fa\u00e7onn\u00e9e par AUTOart en mat\u00e9riau composite avec des ouvrants. Cette miniature rend hommage \u00e0 l&rsquo;ultime expression du moteur V12 atmosph\u00e9rique d&rsquo;Aston Martin avant l&rsquo;\u00e8re de l&rsquo;\u00e9lectrification.<\/p>\n","protected":false},"featured_media":73810,"template":"","meta":{"_seopress_robots_primary_cat":"","_seopress_titles_title":"","_seopress_titles_desc":"","_seopress_robots_index":""},"product_brand":[],"product_cat":[118,163],"product_tag":[117,119,84],"class_list":{"0":"post-73272","1":"product","2":"type-product","3":"status-publish","4":"has-post-thumbnail","6":"product_cat-autoart","7":"product_cat-precommandes","8":"product_tag-avec-ouvrants","9":"product_tag-composite","10":"product_tag-echelle-118","12":"first","13":"outofstock","14":"taxable","15":"shipping-taxable","16":"product-type-simple"},"_links":{"self":[{"href":"https:\/\/modelkars.com\/fr\/wp-json\/wp\/v2\/product\/73272","targetHints":{"allow":["GET"]}}],"collection":[{"href":"https:\/\/modelkars.com\/fr\/wp-json\/wp\/v2\/product"}],"about":[{"href":"https:\/\/modelkars.com\/fr\/wp-json\/wp\/v2\/types\/product"}],"wp:featuredmedia":[{"embeddable":true,"href":"https:\/\/modelkars.com\/fr\/wp-json\/wp\/v2\/media\/73810"}],"wp:attachment":[{"href":"https:\/\/modelkars.com\/fr\/wp-json\/wp\/v2\/media?parent=73272"}],"wp:term":[{"taxonomy":"product_brand","embeddable":true,"href":"https:\/\/modelkars.com\/fr\/wp-json\/wp\/v2\/product_brand?post=73272"},{"taxonomy":"product_cat","embeddable":true,"href":"https:\/\/modelkars.com\/fr\/wp-json\/wp\/v2\/product_cat?post=73272"},{"taxonomy":"product_tag","embeddable":true,"href":"https:\/\/modelkars.com\/fr\/wp-json\/wp\/v2\/product_tag?post=73272"}],"curies":[{"name":"wp","href":"https:\/\/api.w.org\/{rel}","templated":true}]}}