{"id":73269,"date":"2025-09-09T21:42:41","date_gmt":"2025-09-09T19:42:41","guid":{"rendered":"https:\/\/modelkars.com\/?post_type=product&#038;p=73269"},"modified":"2026-04-22T12:31:22","modified_gmt":"2026-04-22T10:31:22","slug":"70236-aston-martin-dbs-770-ultimate-royal-indigo","status":"publish","type":"product","link":"https:\/\/modelkars.com\/fr\/shop\/autoart\/70236-aston-martin-dbs-770-ultimate-royal-indigo\/","title":{"rendered":"Aston Martin DBS 770 Ultimate"},"content":{"rendered":"","protected":false},"excerpt":{"rendered":"<p>Ce mod\u00e8le r\u00e9duit \u00e0 l&rsquo;\u00e9chelle 1:18 de l&rsquo;Aston Martin DBS 770 Ultimate en Royal Indigo est fa\u00e7onn\u00e9 par AUTOart en composite avec des \u00e9l\u00e9ments ouvrants. Cette miniature immortalise la version d\u00e9finitive du grand tourisme de Gaydon, capable d&rsquo;atteindre 211 mph en vitesse de pointe.<\/p>\n","protected":false},"featured_media":102961,"template":"","meta":{"_seopress_robots_primary_cat":"","_seopress_titles_title":"","_seopress_titles_desc":"","_seopress_robots_index":""},"product_brand":[],"product_cat":[118,163],"product_tag":[117,119,84],"class_list":{"0":"post-73269","1":"product","2":"type-product","3":"status-publish","4":"has-post-thumbnail","6":"product_cat-autoart","7":"product_cat-precommandes","8":"product_tag-avec-ouvrants","9":"product_tag-composite","10":"product_tag-echelle-118","12":"first","13":"outofstock","14":"taxable","15":"shipping-taxable","16":"product-type-simple"},"_links":{"self":[{"href":"https:\/\/modelkars.com\/fr\/wp-json\/wp\/v2\/product\/73269","targetHints":{"allow":["GET"]}}],"collection":[{"href":"https:\/\/modelkars.com\/fr\/wp-json\/wp\/v2\/product"}],"about":[{"href":"https:\/\/modelkars.com\/fr\/wp-json\/wp\/v2\/types\/product"}],"wp:featuredmedia":[{"embeddable":true,"href":"https:\/\/modelkars.com\/fr\/wp-json\/wp\/v2\/media\/102961"}],"wp:attachment":[{"href":"https:\/\/modelkars.com\/fr\/wp-json\/wp\/v2\/media?parent=73269"}],"wp:term":[{"taxonomy":"product_brand","embeddable":true,"href":"https:\/\/modelkars.com\/fr\/wp-json\/wp\/v2\/product_brand?post=73269"},{"taxonomy":"product_cat","embeddable":true,"href":"https:\/\/modelkars.com\/fr\/wp-json\/wp\/v2\/product_cat?post=73269"},{"taxonomy":"product_tag","embeddable":true,"href":"https:\/\/modelkars.com\/fr\/wp-json\/wp\/v2\/product_tag?post=73269"}],"curies":[{"name":"wp","href":"https:\/\/api.w.org\/{rel}","templated":true}]}}