{"id":73267,"date":"2025-09-09T21:42:41","date_gmt":"2025-09-09T19:42:41","guid":{"rendered":"https:\/\/modelkars.com\/?post_type=product&#038;p=73267"},"modified":"2026-04-27T22:30:59","modified_gmt":"2026-04-27T20:30:59","slug":"70234-aston-martin-dbs-770-ultimate-blanc-stone","status":"publish","type":"product","link":"https:\/\/modelkars.com\/fr\/shop\/autoart\/70234-aston-martin-dbs-770-ultimate-blanc-stone\/","title":{"rendered":"Aston Martin DBS 770 Ultimate"},"content":{"rendered":"","protected":false},"excerpt":{"rendered":"<p>Cette Aston Martin DBS 770 Ultimate \u00e0 l&rsquo;\u00e9chelle 1:18 en coloris blanc Stone reproduit fid\u00e8lement l&rsquo;ultime version de ce grand tourisme britannique. Fabriqu\u00e9 par AUTOart en composite avec des ouvrants fonctionnels, ce mod\u00e8le r\u00e9duit capture l&rsquo;essence de la voiture la plus puissante jamais produite par Aston Martin avec ses 770 chevaux. La DBS 770 Ultimate \u00e9tait limit\u00e9e \u00e0 seulement 499 exemplaires, marquant la fin de l&rsquo;\u00e8re du V12 biturbo de 5,2 litres pour la marque de Gaydon.<\/p>\n","protected":false},"featured_media":73800,"template":"","meta":{"_seopress_robots_primary_cat":"","_seopress_titles_title":"","_seopress_titles_desc":"","_seopress_robots_index":""},"product_brand":[],"product_cat":[118,163],"product_tag":[117,119,84],"class_list":{"0":"post-73267","1":"product","2":"type-product","3":"status-publish","4":"has-post-thumbnail","6":"product_cat-autoart","7":"product_cat-precommandes","8":"product_tag-avec-ouvrants","9":"product_tag-composite","10":"product_tag-echelle-118","12":"first","13":"outofstock","14":"taxable","15":"shipping-taxable","16":"product-type-simple"},"_links":{"self":[{"href":"https:\/\/modelkars.com\/fr\/wp-json\/wp\/v2\/product\/73267","targetHints":{"allow":["GET"]}}],"collection":[{"href":"https:\/\/modelkars.com\/fr\/wp-json\/wp\/v2\/product"}],"about":[{"href":"https:\/\/modelkars.com\/fr\/wp-json\/wp\/v2\/types\/product"}],"wp:featuredmedia":[{"embeddable":true,"href":"https:\/\/modelkars.com\/fr\/wp-json\/wp\/v2\/media\/73800"}],"wp:attachment":[{"href":"https:\/\/modelkars.com\/fr\/wp-json\/wp\/v2\/media?parent=73267"}],"wp:term":[{"taxonomy":"product_brand","embeddable":true,"href":"https:\/\/modelkars.com\/fr\/wp-json\/wp\/v2\/product_brand?post=73267"},{"taxonomy":"product_cat","embeddable":true,"href":"https:\/\/modelkars.com\/fr\/wp-json\/wp\/v2\/product_cat?post=73267"},{"taxonomy":"product_tag","embeddable":true,"href":"https:\/\/modelkars.com\/fr\/wp-json\/wp\/v2\/product_tag?post=73267"}],"curies":[{"name":"wp","href":"https:\/\/api.w.org\/{rel}","templated":true}]}}