{"id":72748,"date":"2026-03-31T00:00:01","date_gmt":"2026-03-30T22:00:01","guid":{"rendered":"https:\/\/modelkars.com\/?post_type=product&#038;p=72748"},"modified":"2026-04-13T21:33:33","modified_gmt":"2026-04-13T19:33:33","slug":"gt548-old-new-porsche-911-997-cabriolet-vert","status":"publish","type":"product","link":"https:\/\/modelkars.com\/fr\/shop\/gt-spirit\/gt548-old-new-porsche-911-997-cabriolet-vert\/","title":{"rendered":"Old &#038; New Porsche 911 (997) Cabriolet"},"content":{"rendered":"","protected":false},"excerpt":{"rendered":"<p>Cette Old &amp; New Porsche 911 (997) Cabriolet Tokyo Auto Salon \u00e0 l&rsquo;\u00e9chelle 1:18 fusionne tradition et modernit\u00e9 dans un vert Oak sophistiqu\u00e9. Fa\u00e7onn\u00e9e par GT Spirit en r\u00e9sine et disponible en s\u00e9rie limit\u00e9e, elle repr\u00e9sente la philosophie japonaise du restomod pr\u00e9sent\u00e9e \u00e0 Tokyo, o\u00f9 les carrosseries classiques accueillent des m\u00e9caniques modernes, cr\u00e9ant des machines intemporelles qui transcendent les \u00e9poques.<\/p>\n","protected":false},"featured_media":72836,"template":"","meta":{"_seopress_robots_primary_cat":"","_seopress_titles_title":"","_seopress_titles_desc":"","_seopress_robots_index":""},"product_brand":[],"product_cat":[71],"product_tag":[84,93,664,92,85],"class_list":{"0":"post-72748","1":"product","2":"type-product","3":"status-publish","4":"has-post-thumbnail","6":"product_cat-gt-spirit","7":"product_tag-echelle-118","8":"product_tag-edition-limitee","9":"product_tag-mars-2026","10":"product_tag-resine","11":"product_tag-sans-ouvrants","13":"first","14":"instock","15":"taxable","16":"shipping-taxable","17":"purchasable","18":"product-type-simple"},"_links":{"self":[{"href":"https:\/\/modelkars.com\/fr\/wp-json\/wp\/v2\/product\/72748","targetHints":{"allow":["GET"]}}],"collection":[{"href":"https:\/\/modelkars.com\/fr\/wp-json\/wp\/v2\/product"}],"about":[{"href":"https:\/\/modelkars.com\/fr\/wp-json\/wp\/v2\/types\/product"}],"wp:featuredmedia":[{"embeddable":true,"href":"https:\/\/modelkars.com\/fr\/wp-json\/wp\/v2\/media\/72836"}],"wp:attachment":[{"href":"https:\/\/modelkars.com\/fr\/wp-json\/wp\/v2\/media?parent=72748"}],"wp:term":[{"taxonomy":"product_brand","embeddable":true,"href":"https:\/\/modelkars.com\/fr\/wp-json\/wp\/v2\/product_brand?post=72748"},{"taxonomy":"product_cat","embeddable":true,"href":"https:\/\/modelkars.com\/fr\/wp-json\/wp\/v2\/product_cat?post=72748"},{"taxonomy":"product_tag","embeddable":true,"href":"https:\/\/modelkars.com\/fr\/wp-json\/wp\/v2\/product_tag?post=72748"}],"curies":[{"name":"wp","href":"https:\/\/api.w.org\/{rel}","templated":true}]}}