{"id":72747,"date":"2026-03-31T00:00:01","date_gmt":"2026-03-30T22:00:01","guid":{"rendered":"https:\/\/modelkars.com\/?post_type=product&#038;p=72747"},"modified":"2026-04-21T18:45:51","modified_gmt":"2026-04-21T16:45:51","slug":"gt958-lb-works-porsche-911-turbo-blanc","status":"publish","type":"product","link":"https:\/\/modelkars.com\/fr\/shop\/gt-spirit\/gt958-lb-works-porsche-911-turbo-blanc\/","title":{"rendered":"LB-Works Porsche 911 Turbo"},"content":{"rendered":"","protected":false},"excerpt":{"rendered":"<p>Cette Porsche 911 Turbo LB-Works \u00e0 l&rsquo;\u00e9chelle 1:18 pr\u00e9sente le kit carrosserie widebody de Liberty Walk dans un blanc immacul\u00e9. Cr\u00e9\u00e9e par GT Spirit en r\u00e9sine pour une s\u00e9rie limit\u00e9e, cette miniature expos\u00e9e au Tokyo Auto Salon reproduit la transformation radicale op\u00e9r\u00e9e par le c\u00e9l\u00e8bre pr\u00e9parateur japonais de Wataru Kato. Liberty Walk, fond\u00e9 en 2007, s&rsquo;inspire de la culture Bosozoku pour cr\u00e9er des carrosseries \u00e9largies qui transforment les supercars en v\u00e9ritables \u0153uvres d&rsquo;art roulantes.<\/p>\n","protected":false},"featured_media":72846,"template":"","meta":{"_seopress_robots_primary_cat":"","_seopress_titles_title":"","_seopress_titles_desc":"","_seopress_robots_index":""},"product_brand":[],"product_cat":[71],"product_tag":[84,93,664,92,85],"class_list":{"0":"post-72747","1":"product","2":"type-product","3":"status-publish","4":"has-post-thumbnail","6":"product_cat-gt-spirit","7":"product_tag-echelle-118","8":"product_tag-edition-limitee","9":"product_tag-mars-2026","10":"product_tag-resine","11":"product_tag-sans-ouvrants","13":"first","14":"instock","15":"taxable","16":"shipping-taxable","17":"purchasable","18":"product-type-simple"},"_links":{"self":[{"href":"https:\/\/modelkars.com\/fr\/wp-json\/wp\/v2\/product\/72747","targetHints":{"allow":["GET"]}}],"collection":[{"href":"https:\/\/modelkars.com\/fr\/wp-json\/wp\/v2\/product"}],"about":[{"href":"https:\/\/modelkars.com\/fr\/wp-json\/wp\/v2\/types\/product"}],"wp:featuredmedia":[{"embeddable":true,"href":"https:\/\/modelkars.com\/fr\/wp-json\/wp\/v2\/media\/72846"}],"wp:attachment":[{"href":"https:\/\/modelkars.com\/fr\/wp-json\/wp\/v2\/media?parent=72747"}],"wp:term":[{"taxonomy":"product_brand","embeddable":true,"href":"https:\/\/modelkars.com\/fr\/wp-json\/wp\/v2\/product_brand?post=72747"},{"taxonomy":"product_cat","embeddable":true,"href":"https:\/\/modelkars.com\/fr\/wp-json\/wp\/v2\/product_cat?post=72747"},{"taxonomy":"product_tag","embeddable":true,"href":"https:\/\/modelkars.com\/fr\/wp-json\/wp\/v2\/product_tag?post=72747"}],"curies":[{"name":"wp","href":"https:\/\/api.w.org\/{rel}","templated":true}]}}