{"id":72736,"date":"2026-03-13T00:00:01","date_gmt":"2026-03-12T23:00:01","guid":{"rendered":"https:\/\/modelkars.com\/?post_type=product&#038;p=72736"},"modified":"2026-03-28T08:14:03","modified_gmt":"2026-03-28T07:14:03","slug":"gt562-porsche-911-993-rwb-army-girl-violet","status":"publish","type":"product","link":"https:\/\/modelkars.com\/fr\/shop\/gt-spirit\/gt562-porsche-911-993-rwb-army-girl-violet\/","title":{"rendered":"Porsche 911 (993) RWB Army Girl"},"content":{"rendered":"","protected":false},"excerpt":{"rendered":"<p>Cette Porsche 911 RWB Army Girl violette \u00e0 l&rsquo;\u00e9chelle 1:18 incarne la vision artistique d&rsquo;Akira Nakai. GT Spirit reproduit en r\u00e9sine cette cr\u00e9ation o\u00f9 l&rsquo;h\u00e9ritage allemand rencontre l&rsquo;esth\u00e9tique japonaise. RWB (RAUH-Welt BEGRIFF) transforme chaque 911 en \u0153uvre unique, sculpt\u00e9e \u00e0 la main selon les d\u00e9sirs de son cr\u00e9ateur. Nakai-san fa\u00e7onne ses cr\u00e9ations sans plans ni esquisses, se laissant guider par son instinct artistique et sa passion pour la 993. Cette Army Girl t\u00e9moigne de cette philosophie de cr\u00e9ation pure.<\/p>\n","protected":false},"featured_media":72800,"template":"","meta":{"_seopress_robots_primary_cat":"","_seopress_titles_title":"","_seopress_titles_desc":"","_seopress_robots_index":""},"product_brand":[],"product_cat":[71],"product_tag":[84,93,663,92,85],"class_list":{"0":"post-72736","1":"product","2":"type-product","3":"status-publish","4":"has-post-thumbnail","6":"product_cat-gt-spirit","7":"product_tag-echelle-118","8":"product_tag-edition-limitee","9":"product_tag-fevrier-2026","10":"product_tag-resine","11":"product_tag-sans-ouvrants","13":"first","14":"instock","15":"taxable","16":"shipping-taxable","17":"purchasable","18":"product-type-simple"},"_links":{"self":[{"href":"https:\/\/modelkars.com\/fr\/wp-json\/wp\/v2\/product\/72736","targetHints":{"allow":["GET"]}}],"collection":[{"href":"https:\/\/modelkars.com\/fr\/wp-json\/wp\/v2\/product"}],"about":[{"href":"https:\/\/modelkars.com\/fr\/wp-json\/wp\/v2\/types\/product"}],"wp:featuredmedia":[{"embeddable":true,"href":"https:\/\/modelkars.com\/fr\/wp-json\/wp\/v2\/media\/72800"}],"wp:attachment":[{"href":"https:\/\/modelkars.com\/fr\/wp-json\/wp\/v2\/media?parent=72736"}],"wp:term":[{"taxonomy":"product_brand","embeddable":true,"href":"https:\/\/modelkars.com\/fr\/wp-json\/wp\/v2\/product_brand?post=72736"},{"taxonomy":"product_cat","embeddable":true,"href":"https:\/\/modelkars.com\/fr\/wp-json\/wp\/v2\/product_cat?post=72736"},{"taxonomy":"product_tag","embeddable":true,"href":"https:\/\/modelkars.com\/fr\/wp-json\/wp\/v2\/product_tag?post=72736"}],"curies":[{"name":"wp","href":"https:\/\/api.w.org\/{rel}","templated":true}]}}