{"id":72735,"date":"2026-02-16T00:00:01","date_gmt":"2026-02-15T23:00:01","guid":{"rendered":"https:\/\/modelkars.com\/?post_type=product&#038;p=72735"},"modified":"2026-03-06T21:38:32","modified_gmt":"2026-03-06T20:38:32","slug":"gt541-alpina-b4-gt-gris","status":"publish","type":"product","link":"https:\/\/modelkars.com\/fr\/shop\/gt-spirit\/gt541-alpina-b4-gt-gris\/","title":{"rendered":"Alpina B4 GT"},"content":{"rendered":"","protected":false},"excerpt":{"rendered":"<p>Cette Alpina B4 GT grise \u00e0 l&rsquo;\u00e9chelle 1:18 incarne la quintessence de l&rsquo;art automobile bavarois. R\u00e9alis\u00e9e par GT Spirit en r\u00e9sine, elle r\u00e9v\u00e8le la version GT qui d\u00e9veloppe 521 chevaux gr\u00e2ce \u00e0 son six-cylindres biturbo 3.0 litres optimis\u00e9. La B4 GT se distingue par son ch\u00e2ssis sport renforc\u00e9, ses nouveaux stabilisateurs et sa direction variable r\u00e9vis\u00e9e pour une agilit\u00e9 maximale. Cette miniature capture l&rsquo;excellence d&rsquo;Alpina, manufacture de Buchloe qui sublime les BMW depuis 1965 par un savoir-faire artisanal unique.<\/p>\n","protected":false},"featured_media":101617,"template":"","meta":{"_seopress_robots_primary_cat":"","_seopress_titles_title":"","_seopress_titles_desc":"","_seopress_robots_index":""},"product_brand":[],"product_cat":[71],"product_tag":[84,93,663,92,85],"class_list":{"0":"post-72735","1":"product","2":"type-product","3":"status-publish","4":"has-post-thumbnail","6":"product_cat-gt-spirit","7":"product_tag-echelle-118","8":"product_tag-edition-limitee","9":"product_tag-fevrier-2026","10":"product_tag-resine","11":"product_tag-sans-ouvrants","13":"first","14":"instock","15":"taxable","16":"shipping-taxable","17":"purchasable","18":"product-type-simple"},"_links":{"self":[{"href":"https:\/\/modelkars.com\/fr\/wp-json\/wp\/v2\/product\/72735","targetHints":{"allow":["GET"]}}],"collection":[{"href":"https:\/\/modelkars.com\/fr\/wp-json\/wp\/v2\/product"}],"about":[{"href":"https:\/\/modelkars.com\/fr\/wp-json\/wp\/v2\/types\/product"}],"wp:featuredmedia":[{"embeddable":true,"href":"https:\/\/modelkars.com\/fr\/wp-json\/wp\/v2\/media\/101617"}],"wp:attachment":[{"href":"https:\/\/modelkars.com\/fr\/wp-json\/wp\/v2\/media?parent=72735"}],"wp:term":[{"taxonomy":"product_brand","embeddable":true,"href":"https:\/\/modelkars.com\/fr\/wp-json\/wp\/v2\/product_brand?post=72735"},{"taxonomy":"product_cat","embeddable":true,"href":"https:\/\/modelkars.com\/fr\/wp-json\/wp\/v2\/product_cat?post=72735"},{"taxonomy":"product_tag","embeddable":true,"href":"https:\/\/modelkars.com\/fr\/wp-json\/wp\/v2\/product_tag?post=72735"}],"curies":[{"name":"wp","href":"https:\/\/api.w.org\/{rel}","templated":true}]}}