{"id":72733,"date":"2025-09-04T09:52:56","date_gmt":"2025-09-04T07:52:56","guid":{"rendered":"https:\/\/modelkars.com\/?post_type=product&#038;p=72733"},"modified":"2025-12-01T01:51:56","modified_gmt":"2025-12-01T00:51:56","slug":"gts800701-alpine-a110-1800-groupe-4-bleu","status":"publish","type":"product","link":"https:\/\/modelkars.com\/fr\/shop\/gt-spirit\/gts800701-alpine-a110-1800-groupe-4-bleu\/","title":{"rendered":"Alpine A110 1800 Groupe 4"},"content":{"rendered":"","protected":false},"excerpt":{"rendered":"<p>Cette Alpine A110 1800 Groupe 4 \u00e0 l&rsquo;\u00e9chelle 1:8 ravive l&rsquo;esprit de conqu\u00eate des berlinettes bleues dans sa livr\u00e9e authentique. Fabriqu\u00e9e par GT Spirit en r\u00e9sine et pr\u00e9sent\u00e9e avec socle et vitrine, cette pi\u00e8ce d&rsquo;exception rend hommage \u00e0 la voiture qui remporta le premier championnat du monde des rallyes en 1973. Les pilotes Jean-Luc Th\u00e9rier, Bernard Darniche et Jean-Pierre Nicolas furent surnomm\u00e9s \u00ab\u00a0Les mousquetaires d&rsquo;Alpine-Renault\u00a0\u00bb par leurs rivaux anglo-saxons. Cette \u00e9dition limit\u00e9e capture l&rsquo;\u00e2me rebelle de ces l\u00e9gendes de Dieppe.<\/p>\n","protected":false},"featured_media":72750,"template":"","meta":{"_seopress_robots_primary_cat":"","_seopress_titles_title":"","_seopress_titles_desc":"","_seopress_robots_index":""},"product_brand":[],"product_cat":[71,163],"product_tag":[189,93,663,92,85,86,323],"class_list":{"0":"post-72733","1":"product","2":"type-product","3":"status-publish","4":"has-post-thumbnail","6":"product_cat-gt-spirit","7":"product_cat-precommandes","8":"product_tag-echelle-18","9":"product_tag-edition-limitee","10":"product_tag-fevrier-2026","11":"product_tag-resine","12":"product_tag-sans-ouvrants","13":"product_tag-socle-inclus","14":"product_tag-vitrine-incluse","16":"first","17":"outofstock","18":"taxable","19":"shipping-taxable","20":"purchasable","21":"product-type-simple"},"_links":{"self":[{"href":"https:\/\/modelkars.com\/fr\/wp-json\/wp\/v2\/product\/72733","targetHints":{"allow":["GET"]}}],"collection":[{"href":"https:\/\/modelkars.com\/fr\/wp-json\/wp\/v2\/product"}],"about":[{"href":"https:\/\/modelkars.com\/fr\/wp-json\/wp\/v2\/types\/product"}],"wp:featuredmedia":[{"embeddable":true,"href":"https:\/\/modelkars.com\/fr\/wp-json\/wp\/v2\/media\/72750"}],"wp:attachment":[{"href":"https:\/\/modelkars.com\/fr\/wp-json\/wp\/v2\/media?parent=72733"}],"wp:term":[{"taxonomy":"product_brand","embeddable":true,"href":"https:\/\/modelkars.com\/fr\/wp-json\/wp\/v2\/product_brand?post=72733"},{"taxonomy":"product_cat","embeddable":true,"href":"https:\/\/modelkars.com\/fr\/wp-json\/wp\/v2\/product_cat?post=72733"},{"taxonomy":"product_tag","embeddable":true,"href":"https:\/\/modelkars.com\/fr\/wp-json\/wp\/v2\/product_tag?post=72733"}],"curies":[{"name":"wp","href":"https:\/\/api.w.org\/{rel}","templated":true}]}}