{"id":7249,"date":"2019-09-20T16:31:56","date_gmt":"2019-09-20T14:31:56","guid":{"rendered":"https:\/\/modelkars.com\/?post_type=product&#038;p=7249"},"modified":"2025-12-01T01:55:25","modified_gmt":"2025-12-01T00:55:25","slug":"bug012-bugatti-chiron-super-sport-300mph","status":"publish","type":"product","link":"https:\/\/modelkars.com\/fr\/shop\/mr-collection\/bug012-bugatti-chiron-super-sport-300mph\/","title":{"rendered":"Bugatti Chiron Super Sport 300+"},"content":{"rendered":"","protected":false},"excerpt":{"rendered":"<p>Cette reproduction haut de gamme \u00e0 l\u2019\u00e9chelle 1:18\u00e8me reproduit avec pr\u00e9cision et fid\u00e9lit\u00e9 la Bugatti Chiron Super Sport 300+ de pr\u00e9-production ayant \u00e9t\u00e9 utilis\u00e9e pour atteindre la vitesse record de 300mph (plus de 480 km\/h) en 2019. Fabriqu\u00e9 par MR Collection, ce mod\u00e8le r\u00e9duit est limit\u00e9 \u00e0 399 exemplaires sera livr\u00e9 avec un socle haut de gamme et une vitrine.<\/p>\n","protected":false},"featured_media":36183,"template":"","meta":{"_seopress_robots_primary_cat":"none","_seopress_titles_title":"","_seopress_titles_desc":"","_seopress_robots_index":""},"product_brand":[],"product_cat":[95],"product_tag":[84,93,92,85,86,323],"class_list":{"0":"post-7249","1":"product","2":"type-product","3":"status-publish","4":"has-post-thumbnail","6":"product_cat-mr-collection","7":"product_tag-echelle-118","8":"product_tag-edition-limitee","9":"product_tag-resine","10":"product_tag-sans-ouvrants","11":"product_tag-socle-inclus","12":"product_tag-vitrine-incluse","14":"first","15":"outofstock","16":"taxable","17":"shipping-taxable","18":"purchasable","19":"product-type-simple"},"_links":{"self":[{"href":"https:\/\/modelkars.com\/fr\/wp-json\/wp\/v2\/product\/7249","targetHints":{"allow":["GET"]}}],"collection":[{"href":"https:\/\/modelkars.com\/fr\/wp-json\/wp\/v2\/product"}],"about":[{"href":"https:\/\/modelkars.com\/fr\/wp-json\/wp\/v2\/types\/product"}],"wp:featuredmedia":[{"embeddable":true,"href":"https:\/\/modelkars.com\/fr\/wp-json\/wp\/v2\/media\/36183"}],"wp:attachment":[{"href":"https:\/\/modelkars.com\/fr\/wp-json\/wp\/v2\/media?parent=7249"}],"wp:term":[{"taxonomy":"product_brand","embeddable":true,"href":"https:\/\/modelkars.com\/fr\/wp-json\/wp\/v2\/product_brand?post=7249"},{"taxonomy":"product_cat","embeddable":true,"href":"https:\/\/modelkars.com\/fr\/wp-json\/wp\/v2\/product_cat?post=7249"},{"taxonomy":"product_tag","embeddable":true,"href":"https:\/\/modelkars.com\/fr\/wp-json\/wp\/v2\/product_tag?post=7249"}],"curies":[{"name":"wp","href":"https:\/\/api.w.org\/{rel}","templated":true}]}}