{"id":7247,"date":"2021-12-20T16:31:56","date_gmt":"2021-12-20T15:31:56","guid":{"rendered":"https:\/\/modelkars.com\/?post_type=product&#038;p=7247"},"modified":"2025-12-01T01:54:34","modified_gmt":"2025-12-01T00:54:34","slug":"bug010-bugatti-la-voiture-noire","status":"publish","type":"product","link":"https:\/\/modelkars.com\/fr\/shop\/mr-collection\/bug010-bugatti-la-voiture-noire\/","title":{"rendered":"Bugatti La Voiture Noire"},"content":{"rendered":"\n\t<section class=\"section\" id=\"section_1487913650\">\n\t\t<div class=\"section-bg fill\" >\n\t\t\t\t\t\t\t\t\t\n\t\t\t\n\n\t\t<\/div>\n\n\t\t\n\n\t\t<div class=\"section-content relative\">\n\t\t\t\n<div class=\"row row-large align-center\"  id=\"row-1942836914\">\n\n\t<div id=\"col-1996926602\" class=\"col large-12\"  >\n\t\t\t\t<div class=\"col-inner\"  >\n\t\t\t\n\t\t\t\n\t<div class=\"img has-hover x md-x lg-x y md-y lg-y\" id=\"image_1565742219\">\n\t\t\t\t\t\t\t\t<div class=\"img-inner dark\" >\n\t\t\t<img decoding=\"async\" width=\"1020\" height=\"680\" src=\"https:\/\/modelkars.com\/wp-content\/uploads\/BUG010-prototype-bugatti-la-voiture-noire-3-1200.jpg\" class=\"attachment-large size-large\" alt=\"\" srcset=\"https:\/\/modelkars.com\/wp-content\/uploads\/BUG010-prototype-bugatti-la-voiture-noire-3-1200.jpg 1200w, https:\/\/modelkars.com\/wp-content\/uploads\/BUG010-prototype-bugatti-la-voiture-noire-3-1200-680x453.jpg 680w, https:\/\/modelkars.com\/wp-content\/uploads\/BUG010-prototype-bugatti-la-voiture-noire-3-1200-64x43.jpg 64w\" sizes=\"(max-width: 1020px) 100vw, 1020px\" \/>\t\t\t\t\t\t\n\t\t\t\t\t<\/div>\n\t\t\t\t\t\t\t\t\n<style>\n#image_1565742219 {\n  width: 100%;\n}\n<\/style>\n\t<\/div>\n\t\n\t\t<\/div>\n\t\t\t\t\t<\/div>\n\n\t\n\n\t<div id=\"col-1892561332\" class=\"col small-12 large-12\"  >\n\t\t\t\t<div class=\"col-inner text-center\"  >\n\t\t\t\n\t\t\t\n<p class=\"uppercase\">Images du prototype<\/p>\n<div class=\"row\"  id=\"row-1849459892\">\n\n\t<div id=\"col-627773994\" class=\"col medium-6 small-6 large-6\"  >\n\t\t\t\t<div class=\"col-inner\"  >\n\t\t\t\n\t\t\t\n\t<div class=\"img has-hover x md-x lg-x y md-y lg-y\" id=\"image_1939744905\">\n\t\t\t\t\t\t\t\t<div class=\"img-inner dark\" >\n\t\t\t<img decoding=\"async\" width=\"800\" height=\"394\" src=\"https:\/\/modelkars.com\/wp-content\/uploads\/BUG010-prototype-bugatti-la-voiture-noire-2-800.jpg\" class=\"attachment-large size-large\" alt=\"\" srcset=\"https:\/\/modelkars.com\/wp-content\/uploads\/BUG010-prototype-bugatti-la-voiture-noire-2-800.jpg 800w, https:\/\/modelkars.com\/wp-content\/uploads\/BUG010-prototype-bugatti-la-voiture-noire-2-800-680x335.jpg 680w, https:\/\/modelkars.com\/wp-content\/uploads\/BUG010-prototype-bugatti-la-voiture-noire-2-800-64x32.jpg 64w\" sizes=\"(max-width: 800px) 100vw, 800px\" \/>\t\t\t\t\t\t\n\t\t\t\t\t<\/div>\n\t\t\t\t\t\t\t\t\n<style>\n#image_1939744905 {\n  width: 100%;\n}\n<\/style>\n\t<\/div>\n\t\n\t\t<\/div>\n\t\t\t\t\t<\/div>\n\n\t\n\n\t<div id=\"col-2050773184\" class=\"col medium-6 small-6 large-6\"  >\n\t\t\t\t<div class=\"col-inner\"  >\n\t\t\t\n\t\t\t\n\t<div class=\"img has-hover x md-x lg-x y md-y lg-y\" id=\"image_1486360975\">\n\t\t\t\t\t\t\t\t<div class=\"img-inner dark\" >\n\t\t\t<img decoding=\"async\" width=\"800\" height=\"394\" src=\"https:\/\/modelkars.com\/wp-content\/uploads\/BUG010-prototype-bugatti-la-voiture-noire-1-800.jpg\" class=\"attachment-large size-large\" alt=\"\" srcset=\"https:\/\/modelkars.com\/wp-content\/uploads\/BUG010-prototype-bugatti-la-voiture-noire-1-800.jpg 800w, https:\/\/modelkars.com\/wp-content\/uploads\/BUG010-prototype-bugatti-la-voiture-noire-1-800-680x335.jpg 680w, https:\/\/modelkars.com\/wp-content\/uploads\/BUG010-prototype-bugatti-la-voiture-noire-1-800-64x32.jpg 64w\" sizes=\"(max-width: 800px) 100vw, 800px\" \/>\t\t\t\t\t\t\n\t\t\t\t\t<\/div>\n\t\t\t\t\t\t\t\t\n<style>\n#image_1486360975 {\n  width: 100%;\n}\n<\/style>\n\t<\/div>\n\t\n\t\t<\/div>\n\t\t\t\t\t<\/div>\n\n\t\n<\/div>\n\t\t<\/div>\n\t\t\t\t\t<\/div>\n\n\t\n<\/div>\n<p class=\"uppercase\" style=\"text-align: center;\">Pr\u00e9sentation de la voiture<\/p>\n\t\t<\/div>\n\n\t\t\n<style>\n#section_1487913650 {\n  padding-top: 0px;\n  padding-bottom: 0px;\n  background-color: rgb(0,0,0);\n}\n<\/style>\n\t<\/section>\n\t\n","protected":false},"excerpt":{"rendered":"<p>Ce mod\u00e8le r\u00e9duit haut de gamme fabriqu\u00e9e par MR Collection reproduit avec une tr\u00e8s grande pr\u00e9cision la Bugatti La Voiture Noire \u00e0 l\u2019\u00e9chelle 1:18. Vendue 12 millions d\u2019euros, l\u2019unique exemplaire de La Voiture Noire est l\u2019une des voitures neuves les plus ch\u00e8res au monde et s\u2019inspire de plusieurs anciens mod\u00e8les Bugatti, notamment la Bugatti Type SC57 Atlantic des ann\u00e9es 30. Cette miniature fabriqu\u00e9e en r\u00e9sine en quantit\u00e9 limit\u00e9e est livr\u00e9e dans une vitrine transparente.<\/p>\n","protected":false},"featured_media":27787,"template":"","meta":{"_seopress_robots_primary_cat":"none","_seopress_titles_title":"","_seopress_titles_desc":"","_seopress_robots_index":""},"product_brand":[],"product_cat":[95],"product_tag":[84,93,92,85,86,323],"class_list":{"0":"post-7247","1":"product","2":"type-product","3":"status-publish","4":"has-post-thumbnail","6":"product_cat-mr-collection","7":"product_tag-echelle-118","8":"product_tag-edition-limitee","9":"product_tag-resine","10":"product_tag-sans-ouvrants","11":"product_tag-socle-inclus","12":"product_tag-vitrine-incluse","14":"first","15":"outofstock","16":"taxable","17":"shipping-taxable","18":"purchasable","19":"product-type-simple"},"_links":{"self":[{"href":"https:\/\/modelkars.com\/fr\/wp-json\/wp\/v2\/product\/7247","targetHints":{"allow":["GET"]}}],"collection":[{"href":"https:\/\/modelkars.com\/fr\/wp-json\/wp\/v2\/product"}],"about":[{"href":"https:\/\/modelkars.com\/fr\/wp-json\/wp\/v2\/types\/product"}],"wp:featuredmedia":[{"embeddable":true,"href":"https:\/\/modelkars.com\/fr\/wp-json\/wp\/v2\/media\/27787"}],"wp:attachment":[{"href":"https:\/\/modelkars.com\/fr\/wp-json\/wp\/v2\/media?parent=7247"}],"wp:term":[{"taxonomy":"product_brand","embeddable":true,"href":"https:\/\/modelkars.com\/fr\/wp-json\/wp\/v2\/product_brand?post=7247"},{"taxonomy":"product_cat","embeddable":true,"href":"https:\/\/modelkars.com\/fr\/wp-json\/wp\/v2\/product_cat?post=7247"},{"taxonomy":"product_tag","embeddable":true,"href":"https:\/\/modelkars.com\/fr\/wp-json\/wp\/v2\/product_tag?post=7247"}],"curies":[{"name":"wp","href":"https:\/\/api.w.org\/{rel}","templated":true}]}}