{"id":72233,"date":"2025-08-20T19:42:11","date_gmt":"2025-08-20T17:42:11","guid":{"rendered":"https:\/\/modelkars.com\/?post_type=product&#038;p=72233"},"modified":"2026-01-30T21:42:51","modified_gmt":"2026-01-30T20:42:51","slug":"lambo064a-lamborghini-fenomeno-giallo-crius","status":"publish","type":"product","link":"https:\/\/modelkars.com\/fr\/shop\/mr-collection\/lambo064a-lamborghini-fenomeno-giallo-crius\/","title":{"rendered":"Lamborghini Fenomeno"},"content":{"rendered":"","protected":false},"excerpt":{"rendered":"<p>Cette exceptionnelle Lamborghini Fenomeno \u00e0 l&rsquo;\u00e9chelle 1:18 capture l&rsquo;essence de l&rsquo;hypercar la plus puissante jamais con\u00e7ue par la marque au taureau. R\u00e9alis\u00e9e par MR Collection en r\u00e9sine de haute qualit\u00e9, elle arbore l&rsquo;\u00e9clatante teinte Giallo Crius et repose sur son socle \u00e9l\u00e9gant sous vitrine protectrice. Cette \u00e9dition limit\u00e9e rend hommage \u00e0 un mod\u00e8le r\u00e9volutionnaire limit\u00e9 \u00e0 seulement 29 exemplaires, cr\u00e9\u00e9 pour c\u00e9l\u00e9brer les 20 ans du Centro Stile de Lamborghini et marquer deux d\u00e9cennies d&rsquo;excellence en design automobile.<\/p>\n","protected":false},"featured_media":99096,"template":"","meta":{"_seopress_robots_primary_cat":"","_seopress_titles_title":"","_seopress_titles_desc":"","_seopress_robots_index":""},"product_brand":[],"product_cat":[95,163],"product_tag":[84,93,92,85,86,323],"class_list":{"0":"post-72233","1":"product","2":"type-product","3":"status-publish","4":"has-post-thumbnail","6":"product_cat-mr-collection","7":"product_cat-precommandes","8":"product_tag-echelle-118","9":"product_tag-edition-limitee","10":"product_tag-resine","11":"product_tag-sans-ouvrants","12":"product_tag-socle-inclus","13":"product_tag-vitrine-incluse","15":"first","16":"instock","17":"taxable","18":"shipping-taxable","19":"purchasable","20":"product-type-simple"},"_links":{"self":[{"href":"https:\/\/modelkars.com\/fr\/wp-json\/wp\/v2\/product\/72233","targetHints":{"allow":["GET"]}}],"collection":[{"href":"https:\/\/modelkars.com\/fr\/wp-json\/wp\/v2\/product"}],"about":[{"href":"https:\/\/modelkars.com\/fr\/wp-json\/wp\/v2\/types\/product"}],"wp:featuredmedia":[{"embeddable":true,"href":"https:\/\/modelkars.com\/fr\/wp-json\/wp\/v2\/media\/99096"}],"wp:attachment":[{"href":"https:\/\/modelkars.com\/fr\/wp-json\/wp\/v2\/media?parent=72233"}],"wp:term":[{"taxonomy":"product_brand","embeddable":true,"href":"https:\/\/modelkars.com\/fr\/wp-json\/wp\/v2\/product_brand?post=72233"},{"taxonomy":"product_cat","embeddable":true,"href":"https:\/\/modelkars.com\/fr\/wp-json\/wp\/v2\/product_cat?post=72233"},{"taxonomy":"product_tag","embeddable":true,"href":"https:\/\/modelkars.com\/fr\/wp-json\/wp\/v2\/product_tag?post=72233"}],"curies":[{"name":"wp","href":"https:\/\/api.w.org\/{rel}","templated":true}]}}