{"id":72069,"date":"2025-08-17T12:49:09","date_gmt":"2025-08-17T10:49:09","guid":{"rendered":"https:\/\/modelkars.com\/?post_type=product&#038;p=72069"},"modified":"2025-12-01T01:52:02","modified_gmt":"2025-12-01T00:52:02","slug":"p18214tmo-ferrari-sp3-daytona-5991-tailor-made-open-roof-giallo-modena-carbon-fiber","status":"publish","type":"product","link":"https:\/\/modelkars.com\/fr\/shop\/bbr\/p18214tmo-ferrari-sp3-daytona-5991-tailor-made-open-roof-giallo-modena-carbon-fiber\/","title":{"rendered":"Ferrari SP3 Daytona 599+1 Tailor Made (toit ouvert)"},"content":{"rendered":"","protected":false},"excerpt":{"rendered":"<p>Cette Ferrari SP3 Daytona 599+1 Tailor Made (toit ouvert) \u00e0 l&rsquo;\u00e9chelle 1:18 capture l&rsquo;exemplaire charitable de Monterey Car Week 2025. Fa\u00e7onn\u00e9e en r\u00e9sine par BBR et limit\u00e9e \u00e0 99 exemplaires sur socle, cette interpr\u00e9tation unique du programme Tailor Made arbore pour la premi\u00e8re fois le logo Ferrari Giallo Modena sur l&rsquo;ensemble de la carrosserie sup\u00e9rieure, cr\u00e9ant une signature visuelle in\u00e9dite pour cette \u0153uvre caritative d&rsquo;exception destin\u00e9e \u00e0 financer l&rsquo;avenir \u00e9ducatif.<\/p>\n","protected":false},"featured_media":72073,"template":"","meta":{"_seopress_robots_primary_cat":"","_seopress_titles_title":"","_seopress_titles_desc":"","_seopress_robots_index":""},"product_brand":[],"product_cat":[315,163],"product_tag":[84,93,92,85,86],"class_list":{"0":"post-72069","1":"product","2":"type-product","3":"status-publish","4":"has-post-thumbnail","6":"product_cat-bbr","7":"product_cat-precommandes","8":"product_tag-echelle-118","9":"product_tag-edition-limitee","10":"product_tag-resine","11":"product_tag-sans-ouvrants","12":"product_tag-socle-inclus","14":"first","15":"outofstock","16":"taxable","17":"shipping-taxable","18":"purchasable","19":"product-type-simple"},"_links":{"self":[{"href":"https:\/\/modelkars.com\/fr\/wp-json\/wp\/v2\/product\/72069","targetHints":{"allow":["GET"]}}],"collection":[{"href":"https:\/\/modelkars.com\/fr\/wp-json\/wp\/v2\/product"}],"about":[{"href":"https:\/\/modelkars.com\/fr\/wp-json\/wp\/v2\/types\/product"}],"wp:featuredmedia":[{"embeddable":true,"href":"https:\/\/modelkars.com\/fr\/wp-json\/wp\/v2\/media\/72073"}],"wp:attachment":[{"href":"https:\/\/modelkars.com\/fr\/wp-json\/wp\/v2\/media?parent=72069"}],"wp:term":[{"taxonomy":"product_brand","embeddable":true,"href":"https:\/\/modelkars.com\/fr\/wp-json\/wp\/v2\/product_brand?post=72069"},{"taxonomy":"product_cat","embeddable":true,"href":"https:\/\/modelkars.com\/fr\/wp-json\/wp\/v2\/product_cat?post=72069"},{"taxonomy":"product_tag","embeddable":true,"href":"https:\/\/modelkars.com\/fr\/wp-json\/wp\/v2\/product_tag?post=72069"}],"curies":[{"name":"wp","href":"https:\/\/api.w.org\/{rel}","templated":true}]}}