{"id":72068,"date":"2025-08-17T12:49:09","date_gmt":"2025-08-17T10:49:09","guid":{"rendered":"https:\/\/modelkars.com\/?post_type=product&#038;p=72068"},"modified":"2025-12-01T01:52:02","modified_gmt":"2025-12-01T00:52:02","slug":"p18224tmo-ferrari-sp3-daytona-5991-tailor-made-closed-roof-giallo-modena-carbon-fiber","status":"publish","type":"product","link":"https:\/\/modelkars.com\/fr\/shop\/bbr\/p18224tmo-ferrari-sp3-daytona-5991-tailor-made-closed-roof-giallo-modena-carbon-fiber\/","title":{"rendered":"Ferrari SP3 Daytona 599+1 Tailor Made (toit ferm\u00e9)"},"content":{"rendered":"","protected":false},"excerpt":{"rendered":"<p>Cette Ferrari SP3 Daytona 599+1 Tailor Made (toit ferm\u00e9) \u00e0 l&rsquo;\u00e9chelle 1:18 reproduit l&rsquo;exemplaire unique aux ench\u00e8res de Monterey Car Week 2025. Sculpt\u00e9e en r\u00e9sine par BBR et limit\u00e9e \u00e0 99 exemplaires sur socle, elle arbore la combinaison Giallo Modena et carbone apparent cr\u00e9\u00e9e par le programme Tailor Made. Cette pi\u00e8ce d&rsquo;exception, num\u00e9rot\u00e9e 599+1, fut mise aux ench\u00e8res au profit de la Ferrari Foundation, ses b\u00e9n\u00e9fices \u00e9tant enti\u00e8rement d\u00e9di\u00e9s \u00e0 des initiatives \u00e9ducatives. Son tableau de bord int\u00e8gre la fibre de carbone utilis\u00e9e en Formule 1, soulignant l&rsquo;h\u00e9ritage sportif de la marque.<\/p>\n","protected":false},"featured_media":72071,"template":"","meta":{"_seopress_robots_primary_cat":"","_seopress_titles_title":"","_seopress_titles_desc":"","_seopress_robots_index":""},"product_brand":[],"product_cat":[315,163],"product_tag":[84,93,92,85,86],"class_list":{"0":"post-72068","1":"product","2":"type-product","3":"status-publish","4":"has-post-thumbnail","6":"product_cat-bbr","7":"product_cat-precommandes","8":"product_tag-echelle-118","9":"product_tag-edition-limitee","10":"product_tag-resine","11":"product_tag-sans-ouvrants","12":"product_tag-socle-inclus","14":"first","15":"outofstock","16":"taxable","17":"shipping-taxable","18":"purchasable","19":"product-type-simple"},"_links":{"self":[{"href":"https:\/\/modelkars.com\/fr\/wp-json\/wp\/v2\/product\/72068","targetHints":{"allow":["GET"]}}],"collection":[{"href":"https:\/\/modelkars.com\/fr\/wp-json\/wp\/v2\/product"}],"about":[{"href":"https:\/\/modelkars.com\/fr\/wp-json\/wp\/v2\/types\/product"}],"wp:featuredmedia":[{"embeddable":true,"href":"https:\/\/modelkars.com\/fr\/wp-json\/wp\/v2\/media\/72071"}],"wp:attachment":[{"href":"https:\/\/modelkars.com\/fr\/wp-json\/wp\/v2\/media?parent=72068"}],"wp:term":[{"taxonomy":"product_brand","embeddable":true,"href":"https:\/\/modelkars.com\/fr\/wp-json\/wp\/v2\/product_brand?post=72068"},{"taxonomy":"product_cat","embeddable":true,"href":"https:\/\/modelkars.com\/fr\/wp-json\/wp\/v2\/product_cat?post=72068"},{"taxonomy":"product_tag","embeddable":true,"href":"https:\/\/modelkars.com\/fr\/wp-json\/wp\/v2\/product_tag?post=72068"}],"curies":[{"name":"wp","href":"https:\/\/api.w.org\/{rel}","templated":true}]}}