{"id":72067,"date":"2025-08-17T12:49:09","date_gmt":"2025-08-17T10:49:09","guid":{"rendered":"https:\/\/modelkars.com\/?post_type=product&#038;p=72067"},"modified":"2026-03-11T19:23:41","modified_gmt":"2026-03-11T18:23:41","slug":"ot1171-renault-5-turbo-3e-e-tech-jaune-et-noir","status":"publish","type":"product","link":"https:\/\/modelkars.com\/fr\/shop\/ottomobile\/ot1171-renault-5-turbo-3e-e-tech-jaune-et-noir\/","title":{"rendered":"Renault 5 Turbo 3E E-Tech"},"content":{"rendered":"","protected":false},"excerpt":{"rendered":"<p>Cette Renault 5 Turbo 3E E-Tech \u00e0 l&rsquo;\u00e9chelle 1:18 d\u00e9voile sa livr\u00e9e jaune et noire caract\u00e9ristique, c\u00e9l\u00e9brant le retour d&rsquo;une l\u00e9gende fran\u00e7aise. R\u00e9alis\u00e9e en r\u00e9sine par OttOmobile en s\u00e9rie limit\u00e9e, cette miniature immortalise le concept-car d\u00e9voil\u00e9 pour les 50 ans de la R5, pr\u00e9figurant un mod\u00e8le de s\u00e9rie limit\u00e9 \u00e0 1980 exemplaires. Avec ses 540 chevaux \u00e9lectriques et sa vocation drift assum\u00e9e, la Turbo 3E r\u00e9invente l&rsquo;esprit de la mythique R5 Turbo de 1980.<\/p>\n","protected":false},"featured_media":72081,"template":"","meta":{"_seopress_robots_primary_cat":"","_seopress_titles_title":"","_seopress_titles_desc":"","_seopress_robots_index":""},"product_brand":[],"product_cat":[225,163],"product_tag":[84,93,92,85],"class_list":{"0":"post-72067","1":"product","2":"type-product","3":"status-publish","4":"has-post-thumbnail","6":"product_cat-ottomobile","7":"product_cat-precommandes","8":"product_tag-echelle-118","9":"product_tag-edition-limitee","10":"product_tag-resine","11":"product_tag-sans-ouvrants","13":"first","14":"outofstock","15":"taxable","16":"shipping-taxable","17":"purchasable","18":"product-type-simple"},"_links":{"self":[{"href":"https:\/\/modelkars.com\/fr\/wp-json\/wp\/v2\/product\/72067","targetHints":{"allow":["GET"]}}],"collection":[{"href":"https:\/\/modelkars.com\/fr\/wp-json\/wp\/v2\/product"}],"about":[{"href":"https:\/\/modelkars.com\/fr\/wp-json\/wp\/v2\/types\/product"}],"wp:featuredmedia":[{"embeddable":true,"href":"https:\/\/modelkars.com\/fr\/wp-json\/wp\/v2\/media\/72081"}],"wp:attachment":[{"href":"https:\/\/modelkars.com\/fr\/wp-json\/wp\/v2\/media?parent=72067"}],"wp:term":[{"taxonomy":"product_brand","embeddable":true,"href":"https:\/\/modelkars.com\/fr\/wp-json\/wp\/v2\/product_brand?post=72067"},{"taxonomy":"product_cat","embeddable":true,"href":"https:\/\/modelkars.com\/fr\/wp-json\/wp\/v2\/product_cat?post=72067"},{"taxonomy":"product_tag","embeddable":true,"href":"https:\/\/modelkars.com\/fr\/wp-json\/wp\/v2\/product_tag?post=72067"}],"curies":[{"name":"wp","href":"https:\/\/api.w.org\/{rel}","templated":true}]}}