{"id":72063,"date":"2025-08-17T12:49:08","date_gmt":"2025-08-17T10:49:08","guid":{"rendered":"https:\/\/modelkars.com\/?post_type=product&#038;p=72063"},"modified":"2026-03-16T23:05:11","modified_gmt":"2026-03-16T22:05:11","slug":"ot1125-bmw-m4-gt4-motorsport","status":"publish","type":"product","link":"https:\/\/modelkars.com\/fr\/shop\/ottomobile\/ot1125-bmw-m4-gt4-motorsport\/","title":{"rendered":"BMW M4 GT4"},"content":{"rendered":"","protected":false},"excerpt":{"rendered":"<p>Cette BMW M4 GT4 \u00e0 l&rsquo;\u00e9chelle 1:18 arbore les couleurs embl\u00e9matiques Motorsport de la marque bavaroise. Produite en r\u00e9sine par OttOmobile en s\u00e9rie limit\u00e9e, cette reproduction saisit toute l&rsquo;agressivit\u00e9 de la version course de la M4, d\u00e9velopp\u00e9e pour les comp\u00e9titions GT4 mondiales. La M4 GT4 est d\u00e9riv\u00e9e de la M4 de route mais b\u00e9n\u00e9ficie d&rsquo;un all\u00e8gement drastique et d&rsquo;une a\u00e9rodynamique optimis\u00e9e, h\u00e9ritant du savoir-faire BMW Motorsport forg\u00e9 depuis plus de 50 ans de comp\u00e9tition automobile.<\/p>\n","protected":false},"featured_media":72083,"template":"","meta":{"_seopress_robots_primary_cat":"","_seopress_titles_title":"","_seopress_titles_desc":"","_seopress_robots_index":""},"product_brand":[],"product_cat":[225,163],"product_tag":[84,93,92,85],"class_list":{"0":"post-72063","1":"product","2":"type-product","3":"status-publish","4":"has-post-thumbnail","6":"product_cat-ottomobile","7":"product_cat-precommandes","8":"product_tag-echelle-118","9":"product_tag-edition-limitee","10":"product_tag-resine","11":"product_tag-sans-ouvrants","13":"first","14":"outofstock","15":"taxable","16":"shipping-taxable","17":"purchasable","18":"product-type-simple"},"_links":{"self":[{"href":"https:\/\/modelkars.com\/fr\/wp-json\/wp\/v2\/product\/72063","targetHints":{"allow":["GET"]}}],"collection":[{"href":"https:\/\/modelkars.com\/fr\/wp-json\/wp\/v2\/product"}],"about":[{"href":"https:\/\/modelkars.com\/fr\/wp-json\/wp\/v2\/types\/product"}],"wp:featuredmedia":[{"embeddable":true,"href":"https:\/\/modelkars.com\/fr\/wp-json\/wp\/v2\/media\/72083"}],"wp:attachment":[{"href":"https:\/\/modelkars.com\/fr\/wp-json\/wp\/v2\/media?parent=72063"}],"wp:term":[{"taxonomy":"product_brand","embeddable":true,"href":"https:\/\/modelkars.com\/fr\/wp-json\/wp\/v2\/product_brand?post=72063"},{"taxonomy":"product_cat","embeddable":true,"href":"https:\/\/modelkars.com\/fr\/wp-json\/wp\/v2\/product_cat?post=72063"},{"taxonomy":"product_tag","embeddable":true,"href":"https:\/\/modelkars.com\/fr\/wp-json\/wp\/v2\/product_tag?post=72063"}],"curies":[{"name":"wp","href":"https:\/\/api.w.org\/{rel}","templated":true}]}}