{"id":72062,"date":"2025-08-17T12:49:08","date_gmt":"2025-08-17T10:49:08","guid":{"rendered":"https:\/\/modelkars.com\/?post_type=product&#038;p=72062"},"modified":"2026-02-16T17:05:55","modified_gmt":"2026-02-16T16:05:55","slug":"ot1197-nissan-z-gt4-numero-23-rouge-et-blanc","status":"publish","type":"product","link":"https:\/\/modelkars.com\/fr\/shop\/ottomobile\/ot1197-nissan-z-gt4-numero-23-rouge-et-blanc\/","title":{"rendered":"Nissan Z GT4"},"content":{"rendered":"","protected":false},"excerpt":{"rendered":"<p>Cette Nissan Z GT4 \u00e0 l&rsquo;\u00e9chelle 1:18 rev\u00eat la livr\u00e9e rouge et blanche portant le num\u00e9ro 23, reproduisant fid\u00e8lement les codes esth\u00e9tiques de la comp\u00e9tition automobile. R\u00e9alis\u00e9e en r\u00e9sine par OttOmobile dans une s\u00e9rie limit\u00e9e, cette miniature capture l&rsquo;essence sportive de la nouvelle g\u00e9n\u00e9ration Z, qui marque le retour de Nissan dans la cat\u00e9gorie des coup\u00e9s sportifs abordables apr\u00e8s une d\u00e9cennie d&rsquo;absence. La Z GT4 repr\u00e9sente la version course de cette renaissance, con\u00e7ue sp\u00e9cifiquement pour les championnats GT4 internationaux.<\/p>\n","protected":false},"featured_media":72085,"template":"","meta":{"_seopress_robots_primary_cat":"","_seopress_titles_title":"","_seopress_titles_desc":"","_seopress_robots_index":""},"product_brand":[],"product_cat":[225,163],"product_tag":[84,93,92,85],"class_list":{"0":"post-72062","1":"product","2":"type-product","3":"status-publish","4":"has-post-thumbnail","6":"product_cat-ottomobile","7":"product_cat-precommandes","8":"product_tag-echelle-118","9":"product_tag-edition-limitee","10":"product_tag-resine","11":"product_tag-sans-ouvrants","13":"first","14":"outofstock","15":"taxable","16":"shipping-taxable","17":"purchasable","18":"product-type-simple"},"_links":{"self":[{"href":"https:\/\/modelkars.com\/fr\/wp-json\/wp\/v2\/product\/72062","targetHints":{"allow":["GET"]}}],"collection":[{"href":"https:\/\/modelkars.com\/fr\/wp-json\/wp\/v2\/product"}],"about":[{"href":"https:\/\/modelkars.com\/fr\/wp-json\/wp\/v2\/types\/product"}],"wp:featuredmedia":[{"embeddable":true,"href":"https:\/\/modelkars.com\/fr\/wp-json\/wp\/v2\/media\/72085"}],"wp:attachment":[{"href":"https:\/\/modelkars.com\/fr\/wp-json\/wp\/v2\/media?parent=72062"}],"wp:term":[{"taxonomy":"product_brand","embeddable":true,"href":"https:\/\/modelkars.com\/fr\/wp-json\/wp\/v2\/product_brand?post=72062"},{"taxonomy":"product_cat","embeddable":true,"href":"https:\/\/modelkars.com\/fr\/wp-json\/wp\/v2\/product_cat?post=72062"},{"taxonomy":"product_tag","embeddable":true,"href":"https:\/\/modelkars.com\/fr\/wp-json\/wp\/v2\/product_tag?post=72062"}],"curies":[{"name":"wp","href":"https:\/\/api.w.org\/{rel}","templated":true}]}}