{"id":71524,"date":"2025-12-15T00:00:01","date_gmt":"2025-12-14T23:00:01","guid":{"rendered":"https:\/\/modelkars.com\/?post_type=product&#038;p=71524"},"modified":"2025-12-29T11:31:52","modified_gmt":"2025-12-29T10:31:52","slug":"18s1064-peugeot-9x8-94-24h-le-mans-2025-peugeot-totalenergies","status":"publish","type":"product","link":"https:\/\/modelkars.com\/fr\/shop\/spark\/18s1064-peugeot-9x8-94-24h-le-mans-2025-peugeot-totalenergies\/","title":{"rendered":"Peugeot 9&#215;8 #94 (24h Le Mans 2025)"},"content":{"rendered":"","protected":false},"excerpt":{"rendered":"<p>Cette Peugeot 9X8 #94 \u00e0 l&rsquo;\u00e9chelle 1:18 s&rsquo;habille de la livr\u00e9e Peugeot TotalEnergies caract\u00e9ristique. Fabriqu\u00e9e en r\u00e9sine par Spark en s\u00e9rie limit\u00e9e avec socle et vitrine, elle repr\u00e9sente l&rsquo;audace technique fran\u00e7aise avec son concept a\u00e9rodynamique unique.<\/p>\n","protected":false},"featured_media":78501,"template":"","meta":{"_seopress_robots_primary_cat":"","_seopress_titles_title":"","_seopress_titles_desc":"","_seopress_robots_index":""},"product_brand":[],"product_cat":[216],"product_tag":[84,93,92,85,86,323],"class_list":{"0":"post-71524","1":"product","2":"type-product","3":"status-publish","4":"has-post-thumbnail","6":"product_cat-spark","7":"product_tag-echelle-118","8":"product_tag-edition-limitee","9":"product_tag-resine","10":"product_tag-sans-ouvrants","11":"product_tag-socle-inclus","12":"product_tag-vitrine-incluse","14":"first","15":"outofstock","16":"taxable","17":"shipping-taxable","18":"purchasable","19":"product-type-simple"},"_links":{"self":[{"href":"https:\/\/modelkars.com\/fr\/wp-json\/wp\/v2\/product\/71524","targetHints":{"allow":["GET"]}}],"collection":[{"href":"https:\/\/modelkars.com\/fr\/wp-json\/wp\/v2\/product"}],"about":[{"href":"https:\/\/modelkars.com\/fr\/wp-json\/wp\/v2\/types\/product"}],"wp:featuredmedia":[{"embeddable":true,"href":"https:\/\/modelkars.com\/fr\/wp-json\/wp\/v2\/media\/78501"}],"wp:attachment":[{"href":"https:\/\/modelkars.com\/fr\/wp-json\/wp\/v2\/media?parent=71524"}],"wp:term":[{"taxonomy":"product_brand","embeddable":true,"href":"https:\/\/modelkars.com\/fr\/wp-json\/wp\/v2\/product_brand?post=71524"},{"taxonomy":"product_cat","embeddable":true,"href":"https:\/\/modelkars.com\/fr\/wp-json\/wp\/v2\/product_cat?post=71524"},{"taxonomy":"product_tag","embeddable":true,"href":"https:\/\/modelkars.com\/fr\/wp-json\/wp\/v2\/product_tag?post=71524"}],"curies":[{"name":"wp","href":"https:\/\/api.w.org\/{rel}","templated":true}]}}