{"id":71513,"date":"2025-08-05T19:30:37","date_gmt":"2025-08-05T17:30:37","guid":{"rendered":"https:\/\/modelkars.com\/?post_type=product&#038;p=71513"},"modified":"2025-12-01T01:52:03","modified_gmt":"2025-12-01T00:52:03","slug":"18s1051-aston-martin-valkyrie-009-24h-le-mans-2025-aston-martin-thor-team","status":"publish","type":"product","link":"https:\/\/modelkars.com\/fr\/shop\/precommandes\/18s1051-aston-martin-valkyrie-009-24h-le-mans-2025-aston-martin-thor-team\/","title":{"rendered":"Aston Martin Valkyrie #009 (24h Le Mans 2025)"},"content":{"rendered":"","protected":false},"excerpt":{"rendered":"<p>Cette Aston Martin Valkyrie #009 \u00e0 l&rsquo;\u00e9chelle 1:18 reproduit fid\u00e8lement la machine de course dans sa livr\u00e9e verte Aston Martin Thor Team distinctive. R\u00e9alis\u00e9e en r\u00e9sine par Spark en s\u00e9rie limit\u00e9e avec socle et vitrine, elle c\u00e9l\u00e8bre l&rsquo;exploit de Marco S\u00f8rensen qui hissa cette Valkyrie en Hyperpole, d\u00e9passant une Toyota et les deux Peugeot au m\u00e9rite lors des qualifications.<\/p>\n","protected":false},"featured_media":71550,"template":"","meta":{"_seopress_robots_primary_cat":"","_seopress_titles_title":"","_seopress_titles_desc":"","_seopress_robots_index":""},"product_brand":[],"product_cat":[163,216],"product_tag":[84,93,92,85,86,323],"class_list":{"0":"post-71513","1":"product","2":"type-product","3":"status-publish","4":"has-post-thumbnail","6":"product_cat-precommandes","7":"product_cat-spark","8":"product_tag-echelle-118","9":"product_tag-edition-limitee","10":"product_tag-resine","11":"product_tag-sans-ouvrants","12":"product_tag-socle-inclus","13":"product_tag-vitrine-incluse","15":"first","16":"outofstock","17":"taxable","18":"shipping-taxable","19":"purchasable","20":"product-type-simple"},"_links":{"self":[{"href":"https:\/\/modelkars.com\/fr\/wp-json\/wp\/v2\/product\/71513","targetHints":{"allow":["GET"]}}],"collection":[{"href":"https:\/\/modelkars.com\/fr\/wp-json\/wp\/v2\/product"}],"about":[{"href":"https:\/\/modelkars.com\/fr\/wp-json\/wp\/v2\/types\/product"}],"wp:featuredmedia":[{"embeddable":true,"href":"https:\/\/modelkars.com\/fr\/wp-json\/wp\/v2\/media\/71550"}],"wp:attachment":[{"href":"https:\/\/modelkars.com\/fr\/wp-json\/wp\/v2\/media?parent=71513"}],"wp:term":[{"taxonomy":"product_brand","embeddable":true,"href":"https:\/\/modelkars.com\/fr\/wp-json\/wp\/v2\/product_brand?post=71513"},{"taxonomy":"product_cat","embeddable":true,"href":"https:\/\/modelkars.com\/fr\/wp-json\/wp\/v2\/product_cat?post=71513"},{"taxonomy":"product_tag","embeddable":true,"href":"https:\/\/modelkars.com\/fr\/wp-json\/wp\/v2\/product_tag?post=71513"}],"curies":[{"name":"wp","href":"https:\/\/api.w.org\/{rel}","templated":true}]}}