{"id":71512,"date":"2025-08-05T19:30:37","date_gmt":"2025-08-05T17:30:37","guid":{"rendered":"https:\/\/modelkars.com\/?post_type=product&#038;p=71512"},"modified":"2025-12-01T01:52:03","modified_gmt":"2025-12-01T00:52:03","slug":"18s1050-aston-martin-valkyrie-007-24h-le-mans-2025-aston-martin-thor-team","status":"publish","type":"product","link":"https:\/\/modelkars.com\/fr\/shop\/spark\/18s1050-aston-martin-valkyrie-007-24h-le-mans-2025-aston-martin-thor-team\/","title":{"rendered":"Aston Martin Valkyrie #007 (24h Le Mans 2025)"},"content":{"rendered":"","protected":false},"excerpt":{"rendered":"<p>Cette Aston Martin Valkyrie #007 \u00e0 l&rsquo;\u00e9chelle 1:18 arbore la livr\u00e9e verte Aston Martin Thor Team. Fabriqu\u00e9e en r\u00e9sine par Spark en s\u00e9rie limit\u00e9e avec socle et vitrine, elle immortalise le retour historique d&rsquo;Aston Martin dans la cat\u00e9gorie reine du Mans apr\u00e8s 14 ans d&rsquo;absence, seule Hypercar d\u00e9velopp\u00e9e directement \u00e0 partir d&rsquo;un mod\u00e8le de route.<\/p>\n","protected":false},"featured_media":71546,"template":"","meta":{"_seopress_robots_primary_cat":"","_seopress_titles_title":"","_seopress_titles_desc":"","_seopress_robots_index":""},"product_brand":[],"product_cat":[216,163],"product_tag":[84,93,92,85,86,323],"class_list":{"0":"post-71512","1":"product","2":"type-product","3":"status-publish","4":"has-post-thumbnail","6":"product_cat-spark","7":"product_cat-precommandes","8":"product_tag-echelle-118","9":"product_tag-edition-limitee","10":"product_tag-resine","11":"product_tag-sans-ouvrants","12":"product_tag-socle-inclus","13":"product_tag-vitrine-incluse","15":"first","16":"outofstock","17":"taxable","18":"shipping-taxable","19":"purchasable","20":"product-type-simple"},"_links":{"self":[{"href":"https:\/\/modelkars.com\/fr\/wp-json\/wp\/v2\/product\/71512","targetHints":{"allow":["GET"]}}],"collection":[{"href":"https:\/\/modelkars.com\/fr\/wp-json\/wp\/v2\/product"}],"about":[{"href":"https:\/\/modelkars.com\/fr\/wp-json\/wp\/v2\/types\/product"}],"wp:featuredmedia":[{"embeddable":true,"href":"https:\/\/modelkars.com\/fr\/wp-json\/wp\/v2\/media\/71546"}],"wp:attachment":[{"href":"https:\/\/modelkars.com\/fr\/wp-json\/wp\/v2\/media?parent=71512"}],"wp:term":[{"taxonomy":"product_brand","embeddable":true,"href":"https:\/\/modelkars.com\/fr\/wp-json\/wp\/v2\/product_brand?post=71512"},{"taxonomy":"product_cat","embeddable":true,"href":"https:\/\/modelkars.com\/fr\/wp-json\/wp\/v2\/product_cat?post=71512"},{"taxonomy":"product_tag","embeddable":true,"href":"https:\/\/modelkars.com\/fr\/wp-json\/wp\/v2\/product_tag?post=71512"}],"curies":[{"name":"wp","href":"https:\/\/api.w.org\/{rel}","templated":true}]}}