{"id":71055,"date":"2025-07-26T17:13:35","date_gmt":"2025-07-26T15:13:35","guid":{"rendered":"https:\/\/modelkars.com\/?post_type=product&#038;p=71055"},"modified":"2025-12-01T01:52:06","modified_gmt":"2025-12-01T00:52:06","slug":"ot1137-volkswagen-golf-viii-gti-gris-moonstone","status":"publish","type":"product","link":"https:\/\/modelkars.com\/fr\/shop\/ottomobile\/ot1137-volkswagen-golf-viii-gti-gris-moonstone\/","title":{"rendered":"Volkswagen Golf VIII GTI"},"content":{"rendered":"","protected":false},"excerpt":{"rendered":"<p class=\"whitespace-normal break-words\">Cette Volkswagen Golf VIII GTI \u00e0 l&rsquo;\u00e9chelle 1:18 dans sa teinte gris Moonstone est produite par OttOmobile en r\u00e9sine et limit\u00e9e \u00e0 999 exemplaires. Elle perp\u00e9tue l&rsquo;h\u00e9ritage d&rsquo;un mod\u00e8le n\u00e9 en secret en 1976.<\/p>\n","protected":false},"featured_media":71100,"template":"","meta":{"_seopress_robots_primary_cat":"","_seopress_titles_title":"","_seopress_titles_desc":"","_seopress_robots_index":""},"product_brand":[],"product_cat":[225],"product_tag":[84,93,92,85],"class_list":{"0":"post-71055","1":"product","2":"type-product","3":"status-publish","4":"has-post-thumbnail","6":"product_cat-ottomobile","7":"product_tag-echelle-118","8":"product_tag-edition-limitee","9":"product_tag-resine","10":"product_tag-sans-ouvrants","12":"first","13":"outofstock","14":"taxable","15":"shipping-taxable","16":"purchasable","17":"product-type-simple"},"_links":{"self":[{"href":"https:\/\/modelkars.com\/fr\/wp-json\/wp\/v2\/product\/71055","targetHints":{"allow":["GET"]}}],"collection":[{"href":"https:\/\/modelkars.com\/fr\/wp-json\/wp\/v2\/product"}],"about":[{"href":"https:\/\/modelkars.com\/fr\/wp-json\/wp\/v2\/types\/product"}],"wp:featuredmedia":[{"embeddable":true,"href":"https:\/\/modelkars.com\/fr\/wp-json\/wp\/v2\/media\/71100"}],"wp:attachment":[{"href":"https:\/\/modelkars.com\/fr\/wp-json\/wp\/v2\/media?parent=71055"}],"wp:term":[{"taxonomy":"product_brand","embeddable":true,"href":"https:\/\/modelkars.com\/fr\/wp-json\/wp\/v2\/product_brand?post=71055"},{"taxonomy":"product_cat","embeddable":true,"href":"https:\/\/modelkars.com\/fr\/wp-json\/wp\/v2\/product_cat?post=71055"},{"taxonomy":"product_tag","embeddable":true,"href":"https:\/\/modelkars.com\/fr\/wp-json\/wp\/v2\/product_tag?post=71055"}],"curies":[{"name":"wp","href":"https:\/\/api.w.org\/{rel}","templated":true}]}}