{"id":71053,"date":"2025-09-24T00:00:01","date_gmt":"2025-09-23T22:00:01","guid":{"rendered":"https:\/\/modelkars.com\/?post_type=product&#038;p=71053"},"modified":"2025-12-01T01:51:48","modified_gmt":"2025-12-01T00:51:48","slug":"glm-mc12-silver-maserati-mc12-gris","status":"publish","type":"product","link":"https:\/\/modelkars.com\/fr\/shop\/gl-model\/glm-mc12-silver-maserati-mc12-gris\/","title":{"rendered":"Maserati MC12"},"content":{"rendered":"","protected":false},"excerpt":{"rendered":"<p class=\"whitespace-normal break-words\">Cette Maserati MC12 grise \u00e0 l&rsquo;\u00e9chelle 1:18 capture l&rsquo;\u00e9l\u00e9gance intemporelle de cette \u0153uvre d&rsquo;art roulante. Fabriqu\u00e9e par GL Model en r\u00e9sine et limit\u00e9e \u00e0 25 exemplaires avec socle et vitrine, elle t\u00e9moigne du g\u00e9nie de Frank Stephenson pour le design et de Giorgio Ascanelli pour la technique. Seuls 50 exemplaires routiers furent jamais produits, tous vendus avant m\u00eame la pr\u00e9sentation publique au salon de Gen\u00e8ve, confirmant l&rsquo;aura mythique de ce trident italien.<\/p>\n","protected":false},"featured_media":71092,"template":"","meta":{"_seopress_robots_primary_cat":"","_seopress_titles_title":"","_seopress_titles_desc":"","_seopress_robots_index":""},"product_brand":[],"product_cat":[659],"product_tag":[84,93,92,85,86,323],"class_list":{"0":"post-71053","1":"product","2":"type-product","3":"status-publish","4":"has-post-thumbnail","6":"product_cat-gl-model","7":"product_tag-echelle-118","8":"product_tag-edition-limitee","9":"product_tag-resine","10":"product_tag-sans-ouvrants","11":"product_tag-socle-inclus","12":"product_tag-vitrine-incluse","14":"first","15":"outofstock","16":"taxable","17":"shipping-taxable","18":"purchasable","19":"product-type-simple"},"_links":{"self":[{"href":"https:\/\/modelkars.com\/fr\/wp-json\/wp\/v2\/product\/71053","targetHints":{"allow":["GET"]}}],"collection":[{"href":"https:\/\/modelkars.com\/fr\/wp-json\/wp\/v2\/product"}],"about":[{"href":"https:\/\/modelkars.com\/fr\/wp-json\/wp\/v2\/types\/product"}],"wp:featuredmedia":[{"embeddable":true,"href":"https:\/\/modelkars.com\/fr\/wp-json\/wp\/v2\/media\/71092"}],"wp:attachment":[{"href":"https:\/\/modelkars.com\/fr\/wp-json\/wp\/v2\/media?parent=71053"}],"wp:term":[{"taxonomy":"product_brand","embeddable":true,"href":"https:\/\/modelkars.com\/fr\/wp-json\/wp\/v2\/product_brand?post=71053"},{"taxonomy":"product_cat","embeddable":true,"href":"https:\/\/modelkars.com\/fr\/wp-json\/wp\/v2\/product_cat?post=71053"},{"taxonomy":"product_tag","embeddable":true,"href":"https:\/\/modelkars.com\/fr\/wp-json\/wp\/v2\/product_tag?post=71053"}],"curies":[{"name":"wp","href":"https:\/\/api.w.org\/{rel}","templated":true}]}}