{"id":71052,"date":"2025-09-24T00:00:01","date_gmt":"2025-09-23T22:00:01","guid":{"rendered":"https:\/\/modelkars.com\/?post_type=product&#038;p=71052"},"modified":"2026-01-22T22:49:27","modified_gmt":"2026-01-22T21:49:27","slug":"glm-mc12-black-maserati-mc12-noir","status":"publish","type":"product","link":"https:\/\/modelkars.com\/fr\/shop\/gl-model\/glm-mc12-black-maserati-mc12-noir\/","title":{"rendered":"Maserati MC12"},"content":{"rendered":"","protected":false},"excerpt":{"rendered":"<p class=\"whitespace-normal break-words\">Cette Maserati MC12 noire \u00e0 l&rsquo;\u00e9chelle 1:18 est fabriqu\u00e9e par GL Model en r\u00e9sine, et limit\u00e9e \u00e0 25 exemplaires avec socle et vitrine. Elle c\u00e9l\u00e8bre ce retour triomphal de Maserati en comp\u00e9tition apr\u00e8s 37 ann\u00e9es d&rsquo;absence. Malgr\u00e9 une puissance volontairement brid\u00e9e \u00e0 624 chevaux pour respecter l&rsquo;homologation, la MC12 remporta imm\u00e9diatement la Coupe des Constructeurs FIA GT d\u00e8s sa premi\u00e8re saison.<\/p>\n","protected":false},"featured_media":71089,"template":"","meta":{"_seopress_robots_primary_cat":"","_seopress_titles_title":"","_seopress_titles_desc":"","_seopress_robots_index":""},"product_brand":[],"product_cat":[659],"product_tag":[84,93,92,85,86,323],"class_list":{"0":"post-71052","1":"product","2":"type-product","3":"status-publish","4":"has-post-thumbnail","6":"product_cat-gl-model","7":"product_tag-echelle-118","8":"product_tag-edition-limitee","9":"product_tag-resine","10":"product_tag-sans-ouvrants","11":"product_tag-socle-inclus","12":"product_tag-vitrine-incluse","14":"first","15":"outofstock","16":"taxable","17":"shipping-taxable","18":"purchasable","19":"product-type-simple"},"_links":{"self":[{"href":"https:\/\/modelkars.com\/fr\/wp-json\/wp\/v2\/product\/71052","targetHints":{"allow":["GET"]}}],"collection":[{"href":"https:\/\/modelkars.com\/fr\/wp-json\/wp\/v2\/product"}],"about":[{"href":"https:\/\/modelkars.com\/fr\/wp-json\/wp\/v2\/types\/product"}],"wp:featuredmedia":[{"embeddable":true,"href":"https:\/\/modelkars.com\/fr\/wp-json\/wp\/v2\/media\/71089"}],"wp:attachment":[{"href":"https:\/\/modelkars.com\/fr\/wp-json\/wp\/v2\/media?parent=71052"}],"wp:term":[{"taxonomy":"product_brand","embeddable":true,"href":"https:\/\/modelkars.com\/fr\/wp-json\/wp\/v2\/product_brand?post=71052"},{"taxonomy":"product_cat","embeddable":true,"href":"https:\/\/modelkars.com\/fr\/wp-json\/wp\/v2\/product_cat?post=71052"},{"taxonomy":"product_tag","embeddable":true,"href":"https:\/\/modelkars.com\/fr\/wp-json\/wp\/v2\/product_tag?post=71052"}],"curies":[{"name":"wp","href":"https:\/\/api.w.org\/{rel}","templated":true}]}}