{"id":71051,"date":"2025-08-22T17:13:34","date_gmt":"2025-08-22T15:13:34","guid":{"rendered":"https:\/\/modelkars.com\/?post_type=product&#038;p=71051"},"modified":"2025-12-01T01:51:59","modified_gmt":"2025-12-01T00:51:59","slug":"glm-mc12-white-maserati-mc12-blanc-bleu","status":"publish","type":"product","link":"https:\/\/modelkars.com\/fr\/shop\/gl-model\/glm-mc12-white-maserati-mc12-blanc-bleu\/","title":{"rendered":"Maserati MC12"},"content":{"rendered":"","protected":false},"excerpt":{"rendered":"<p class=\"whitespace-normal break-words\">Cette Maserati MC12 \u00e0 l&rsquo;\u00e9chelle 1:18 dans sa livr\u00e9e blanche et bleue traditionnelle rend hommage aux l\u00e9gendaires Maserati Birdcage des ann\u00e9es 1960. R\u00e9alis\u00e9e par GL Model en r\u00e9sine et limit\u00e9e \u00e0 25 exemplaires avec socle et vitrine, elle reproduit cette homologation sp\u00e9ciale bas\u00e9e sur la Ferrari Enzo. La MC12 fut con\u00e7ue pour dominer le championnat FIA GT, mission accomplie avec brio pendant plusieurs saisons cons\u00e9cutives.<\/p>\n","protected":false},"featured_media":71086,"template":"","meta":{"_seopress_robots_primary_cat":"","_seopress_titles_title":"","_seopress_titles_desc":"","_seopress_robots_index":""},"product_brand":[],"product_cat":[659],"product_tag":[84,93,92,85,86,323],"class_list":{"0":"post-71051","1":"product","2":"type-product","3":"status-publish","4":"has-post-thumbnail","6":"product_cat-gl-model","7":"product_tag-echelle-118","8":"product_tag-edition-limitee","9":"product_tag-resine","10":"product_tag-sans-ouvrants","11":"product_tag-socle-inclus","12":"product_tag-vitrine-incluse","14":"first","15":"outofstock","16":"taxable","17":"shipping-taxable","18":"purchasable","19":"product-type-simple"},"_links":{"self":[{"href":"https:\/\/modelkars.com\/fr\/wp-json\/wp\/v2\/product\/71051","targetHints":{"allow":["GET"]}}],"collection":[{"href":"https:\/\/modelkars.com\/fr\/wp-json\/wp\/v2\/product"}],"about":[{"href":"https:\/\/modelkars.com\/fr\/wp-json\/wp\/v2\/types\/product"}],"wp:featuredmedia":[{"embeddable":true,"href":"https:\/\/modelkars.com\/fr\/wp-json\/wp\/v2\/media\/71086"}],"wp:attachment":[{"href":"https:\/\/modelkars.com\/fr\/wp-json\/wp\/v2\/media?parent=71051"}],"wp:term":[{"taxonomy":"product_brand","embeddable":true,"href":"https:\/\/modelkars.com\/fr\/wp-json\/wp\/v2\/product_brand?post=71051"},{"taxonomy":"product_cat","embeddable":true,"href":"https:\/\/modelkars.com\/fr\/wp-json\/wp\/v2\/product_cat?post=71051"},{"taxonomy":"product_tag","embeddable":true,"href":"https:\/\/modelkars.com\/fr\/wp-json\/wp\/v2\/product_tag?post=71051"}],"curies":[{"name":"wp","href":"https:\/\/api.w.org\/{rel}","templated":true}]}}