{"id":71050,"date":"2025-09-24T00:00:01","date_gmt":"2025-09-23T22:00:01","guid":{"rendered":"https:\/\/modelkars.com\/?post_type=product&#038;p=71050"},"modified":"2026-04-05T10:48:32","modified_gmt":"2026-04-05T08:48:32","slug":"glm-mc12c-orange-maserati-mc12-corsa-orange","status":"publish","type":"product","link":"https:\/\/modelkars.com\/fr\/shop\/gl-model\/glm-mc12c-orange-maserati-mc12-corsa-orange\/","title":{"rendered":"Maserati MC12 Corsa"},"content":{"rendered":"","protected":false},"excerpt":{"rendered":"<p class=\"whitespace-normal break-words\">Cette Maserati MC12 Corsa orange \u00e0 l&rsquo;\u00e9chelle 1:18 incarne la radicalit\u00e9 d&rsquo;un prototype de course sans contraintes r\u00e9glementaires. Produite par GL Model en r\u00e9sine et limit\u00e9e \u00e0 25 exemplaires avec socle et vitrine, elle r\u00e9v\u00e8le la puissance maximale du V12 Ferrari Enzo lib\u00e9r\u00e9 de ses entraves. Seulement 12 exemplaires clients plus un prototype furent jamais construits, faisant de cette version l&rsquo;ultime expression de l&rsquo;art automobile italien.<\/p>\n","protected":false},"featured_media":71083,"template":"","meta":{"_seopress_robots_primary_cat":"","_seopress_titles_title":"","_seopress_titles_desc":"","_seopress_robots_index":""},"product_brand":[],"product_cat":[659],"product_tag":[84,93,92,85,86,323],"class_list":{"0":"post-71050","1":"product","2":"type-product","3":"status-publish","4":"has-post-thumbnail","6":"product_cat-gl-model","7":"product_tag-echelle-118","8":"product_tag-edition-limitee","9":"product_tag-resine","10":"product_tag-sans-ouvrants","11":"product_tag-socle-inclus","12":"product_tag-vitrine-incluse","14":"first","15":"instock","16":"taxable","17":"shipping-taxable","18":"purchasable","19":"product-type-simple"},"_links":{"self":[{"href":"https:\/\/modelkars.com\/fr\/wp-json\/wp\/v2\/product\/71050","targetHints":{"allow":["GET"]}}],"collection":[{"href":"https:\/\/modelkars.com\/fr\/wp-json\/wp\/v2\/product"}],"about":[{"href":"https:\/\/modelkars.com\/fr\/wp-json\/wp\/v2\/types\/product"}],"wp:featuredmedia":[{"embeddable":true,"href":"https:\/\/modelkars.com\/fr\/wp-json\/wp\/v2\/media\/71083"}],"wp:attachment":[{"href":"https:\/\/modelkars.com\/fr\/wp-json\/wp\/v2\/media?parent=71050"}],"wp:term":[{"taxonomy":"product_brand","embeddable":true,"href":"https:\/\/modelkars.com\/fr\/wp-json\/wp\/v2\/product_brand?post=71050"},{"taxonomy":"product_cat","embeddable":true,"href":"https:\/\/modelkars.com\/fr\/wp-json\/wp\/v2\/product_cat?post=71050"},{"taxonomy":"product_tag","embeddable":true,"href":"https:\/\/modelkars.com\/fr\/wp-json\/wp\/v2\/product_tag?post=71050"}],"curies":[{"name":"wp","href":"https:\/\/api.w.org\/{rel}","templated":true}]}}