{"id":71049,"date":"2025-08-22T17:13:34","date_gmt":"2025-08-22T15:13:34","guid":{"rendered":"https:\/\/modelkars.com\/?post_type=product&#038;p=71049"},"modified":"2025-12-01T01:51:59","modified_gmt":"2025-12-01T00:51:59","slug":"glm-mc12c-blue-maserati-mc12-corsa-bleu","status":"publish","type":"product","link":"https:\/\/modelkars.com\/fr\/shop\/gl-model\/glm-mc12c-blue-maserati-mc12-corsa-bleu\/","title":{"rendered":"Maserati MC12 Corsa"},"content":{"rendered":"","protected":false},"excerpt":{"rendered":"<p class=\"whitespace-normal break-words\">Cette Maserati MC12 Corsa bleue \u00e0 l&rsquo;\u00e9chelle 1:18 repr\u00e9sente l&rsquo;une des voitures de circuit les plus exclusives jamais produites. Fabriqu\u00e9e par GL Model en r\u00e9sine et limit\u00e9e \u00e0 seulement 20 exemplaires, elle est pr\u00e9sent\u00e9e sur socle avec vitrine. D\u00e9veloppant 755 chevaux gr\u00e2ce \u00e0 l&rsquo;absence de restricteurs d&rsquo;admission, la MC12 Corsa surpasse m\u00eame sa version de course officielle en performance pure.<\/p>\n","protected":false},"featured_media":71080,"template":"","meta":{"_seopress_robots_primary_cat":"","_seopress_titles_title":"","_seopress_titles_desc":"","_seopress_robots_index":""},"product_brand":[],"product_cat":[659],"product_tag":[84,93,92,85,86,323],"class_list":{"0":"post-71049","1":"product","2":"type-product","3":"status-publish","4":"has-post-thumbnail","6":"product_cat-gl-model","7":"product_tag-echelle-118","8":"product_tag-edition-limitee","9":"product_tag-resine","10":"product_tag-sans-ouvrants","11":"product_tag-socle-inclus","12":"product_tag-vitrine-incluse","14":"first","15":"outofstock","16":"taxable","17":"shipping-taxable","18":"purchasable","19":"product-type-simple"},"_links":{"self":[{"href":"https:\/\/modelkars.com\/fr\/wp-json\/wp\/v2\/product\/71049","targetHints":{"allow":["GET"]}}],"collection":[{"href":"https:\/\/modelkars.com\/fr\/wp-json\/wp\/v2\/product"}],"about":[{"href":"https:\/\/modelkars.com\/fr\/wp-json\/wp\/v2\/types\/product"}],"wp:featuredmedia":[{"embeddable":true,"href":"https:\/\/modelkars.com\/fr\/wp-json\/wp\/v2\/media\/71080"}],"wp:attachment":[{"href":"https:\/\/modelkars.com\/fr\/wp-json\/wp\/v2\/media?parent=71049"}],"wp:term":[{"taxonomy":"product_brand","embeddable":true,"href":"https:\/\/modelkars.com\/fr\/wp-json\/wp\/v2\/product_brand?post=71049"},{"taxonomy":"product_cat","embeddable":true,"href":"https:\/\/modelkars.com\/fr\/wp-json\/wp\/v2\/product_cat?post=71049"},{"taxonomy":"product_tag","embeddable":true,"href":"https:\/\/modelkars.com\/fr\/wp-json\/wp\/v2\/product_tag?post=71049"}],"curies":[{"name":"wp","href":"https:\/\/api.w.org\/{rel}","templated":true}]}}