{"id":7069,"date":"2019-09-12T11:36:11","date_gmt":"2019-09-12T09:36:11","guid":{"rendered":"https:\/\/modelkars.com\/?post_type=product&#038;p=7069"},"modified":"2025-12-01T01:55:26","modified_gmt":"2025-12-01T00:55:26","slug":"gt270-ferrari-308-gtb-liberty-walk-rouge","status":"publish","type":"product","link":"https:\/\/modelkars.com\/fr\/shop\/gt-spirit\/gt270-ferrari-308-gtb-liberty-walk-rouge\/","title":{"rendered":"Ferrari 308 GTB LB-Works"},"content":{"rendered":"","protected":false},"excerpt":{"rendered":"<p>Rien n\u2019arr\u00eate Liberty Walk qui s\u2019attaque cette fois-ci \u00e0 une l\u00e9gende italienne, la Ferrari 308 GTB. Reproduite \u00e0 l\u2019\u00e9chelle 1:18 par GT Spirit dans sa livr\u00e9e rouge,\u00a0cette miniature en r\u00e9sine sera produite en quantit\u00e9 limit\u00e9e et num\u00e9rot\u00e9e.<\/p>\n","protected":false},"featured_media":8087,"template":"","meta":{"_seopress_robots_primary_cat":"none","_seopress_titles_title":"","_seopress_titles_desc":"","_seopress_robots_index":""},"product_brand":[],"product_cat":[71],"product_tag":[84,93,230,92,85],"class_list":{"0":"post-7069","1":"product","2":"type-product","3":"status-publish","4":"has-post-thumbnail","6":"product_cat-gt-spirit","7":"product_tag-echelle-118","8":"product_tag-edition-limitee","9":"product_tag-fevrier-2020","10":"product_tag-resine","11":"product_tag-sans-ouvrants","12":"product_shipping_class-delivengo","14":"first","15":"outofstock","16":"taxable","17":"shipping-taxable","18":"purchasable","19":"product-type-simple"},"_links":{"self":[{"href":"https:\/\/modelkars.com\/fr\/wp-json\/wp\/v2\/product\/7069","targetHints":{"allow":["GET"]}}],"collection":[{"href":"https:\/\/modelkars.com\/fr\/wp-json\/wp\/v2\/product"}],"about":[{"href":"https:\/\/modelkars.com\/fr\/wp-json\/wp\/v2\/types\/product"}],"wp:featuredmedia":[{"embeddable":true,"href":"https:\/\/modelkars.com\/fr\/wp-json\/wp\/v2\/media\/8087"}],"wp:attachment":[{"href":"https:\/\/modelkars.com\/fr\/wp-json\/wp\/v2\/media?parent=7069"}],"wp:term":[{"taxonomy":"product_brand","embeddable":true,"href":"https:\/\/modelkars.com\/fr\/wp-json\/wp\/v2\/product_brand?post=7069"},{"taxonomy":"product_cat","embeddable":true,"href":"https:\/\/modelkars.com\/fr\/wp-json\/wp\/v2\/product_cat?post=7069"},{"taxonomy":"product_tag","embeddable":true,"href":"https:\/\/modelkars.com\/fr\/wp-json\/wp\/v2\/product_tag?post=7069"}],"curies":[{"name":"wp","href":"https:\/\/api.w.org\/{rel}","templated":true}]}}