{"id":7063,"date":"2019-09-12T11:36:09","date_gmt":"2019-09-12T09:36:09","guid":{"rendered":"https:\/\/modelkars.com\/?post_type=product&#038;p=7063"},"modified":"2025-12-01T01:55:26","modified_gmt":"2025-12-01T00:55:26","slug":"gt267-ferrari-f50-koenig-specials-rouge","status":"publish","type":"product","link":"https:\/\/modelkars.com\/fr\/shop\/gt-spirit\/gt267-ferrari-f50-koenig-specials-rouge\/","title":{"rendered":"Koenig-Specials Ferrari F50"},"content":{"rendered":"","protected":false},"excerpt":{"rendered":"<p>Ce mod\u00e8le r\u00e9duit fabriqu\u00e9 par GT Spirit reproduit avec une tr\u00e8s grande pr\u00e9cision la Ferrari F50 pass\u00e9e sous les mains du tuner Koenig-Specials. Mod\u00e9lis\u00e9e \u00e0 l\u2019\u00e9chelle 1:18\u00e8me dans sa livr\u00e9e rouge, cette voiture poss\u00e8dera un num\u00e9ro unique sous le ch\u00e2ssis.<\/p>\n","protected":false},"featured_media":7692,"template":"","meta":{"_seopress_robots_primary_cat":"none","_seopress_titles_title":"","_seopress_titles_desc":"","_seopress_robots_index":""},"product_brand":[],"product_cat":[71],"product_tag":[84,93,229,92,85],"class_list":{"0":"post-7063","1":"product","2":"type-product","3":"status-publish","4":"has-post-thumbnail","6":"product_cat-gt-spirit","7":"product_tag-echelle-118","8":"product_tag-edition-limitee","9":"product_tag-janvier-2020","10":"product_tag-resine","11":"product_tag-sans-ouvrants","12":"product_shipping_class-delivengo","14":"first","15":"outofstock","16":"taxable","17":"shipping-taxable","18":"purchasable","19":"product-type-simple"},"_links":{"self":[{"href":"https:\/\/modelkars.com\/fr\/wp-json\/wp\/v2\/product\/7063","targetHints":{"allow":["GET"]}}],"collection":[{"href":"https:\/\/modelkars.com\/fr\/wp-json\/wp\/v2\/product"}],"about":[{"href":"https:\/\/modelkars.com\/fr\/wp-json\/wp\/v2\/types\/product"}],"wp:featuredmedia":[{"embeddable":true,"href":"https:\/\/modelkars.com\/fr\/wp-json\/wp\/v2\/media\/7692"}],"wp:attachment":[{"href":"https:\/\/modelkars.com\/fr\/wp-json\/wp\/v2\/media?parent=7063"}],"wp:term":[{"taxonomy":"product_brand","embeddable":true,"href":"https:\/\/modelkars.com\/fr\/wp-json\/wp\/v2\/product_brand?post=7063"},{"taxonomy":"product_cat","embeddable":true,"href":"https:\/\/modelkars.com\/fr\/wp-json\/wp\/v2\/product_cat?post=7063"},{"taxonomy":"product_tag","embeddable":true,"href":"https:\/\/modelkars.com\/fr\/wp-json\/wp\/v2\/product_tag?post=7063"}],"curies":[{"name":"wp","href":"https:\/\/api.w.org\/{rel}","templated":true}]}}