{"id":70250,"date":"2025-12-30T00:00:01","date_gmt":"2025-12-29T23:00:01","guid":{"rendered":"https:\/\/modelkars.com\/?post_type=product&#038;p=70250"},"modified":"2025-12-31T13:59:01","modified_gmt":"2025-12-31T12:59:01","slug":"ot1167-pandem-nissan-fairlady-z-blanc","status":"publish","type":"product","link":"https:\/\/modelkars.com\/fr\/shop\/ottomobile\/ot1167-pandem-nissan-fairlady-z-blanc\/","title":{"rendered":"Pandem Nissan Fairlady Z"},"content":{"rendered":"","protected":false},"excerpt":{"rendered":"<p>Cette miniature \u00e0 l\u2019\u00e9chelle 1:18 repr\u00e9sente la Pandem Nissan Fairlady Z en version blanche, fabriqu\u00e9e en r\u00e9sine par Ottomobile. Son kit carrosserie large sign\u00e9 Pandem lui conf\u00e8re un look radical et muscl\u00e9. Le design rend hommage \u00e0 la Z originale tout en adoptant une esth\u00e9tique ultra-contemporaine. \u00c9dition limit\u00e9e \u00e0 2000 exemplaires.<\/p>\n","protected":false},"featured_media":70253,"template":"","meta":{"_seopress_robots_primary_cat":"","_seopress_titles_title":"","_seopress_titles_desc":"","_seopress_robots_index":""},"product_brand":[],"product_cat":[225],"product_tag":[84,93,92,85],"class_list":{"0":"post-70250","1":"product","2":"type-product","3":"status-publish","4":"has-post-thumbnail","6":"product_cat-ottomobile","7":"product_tag-echelle-118","8":"product_tag-edition-limitee","9":"product_tag-resine","10":"product_tag-sans-ouvrants","12":"first","13":"outofstock","14":"taxable","15":"shipping-taxable","16":"purchasable","17":"product-type-simple"},"_links":{"self":[{"href":"https:\/\/modelkars.com\/fr\/wp-json\/wp\/v2\/product\/70250","targetHints":{"allow":["GET"]}}],"collection":[{"href":"https:\/\/modelkars.com\/fr\/wp-json\/wp\/v2\/product"}],"about":[{"href":"https:\/\/modelkars.com\/fr\/wp-json\/wp\/v2\/types\/product"}],"wp:featuredmedia":[{"embeddable":true,"href":"https:\/\/modelkars.com\/fr\/wp-json\/wp\/v2\/media\/70253"}],"wp:attachment":[{"href":"https:\/\/modelkars.com\/fr\/wp-json\/wp\/v2\/media?parent=70250"}],"wp:term":[{"taxonomy":"product_brand","embeddable":true,"href":"https:\/\/modelkars.com\/fr\/wp-json\/wp\/v2\/product_brand?post=70250"},{"taxonomy":"product_cat","embeddable":true,"href":"https:\/\/modelkars.com\/fr\/wp-json\/wp\/v2\/product_cat?post=70250"},{"taxonomy":"product_tag","embeddable":true,"href":"https:\/\/modelkars.com\/fr\/wp-json\/wp\/v2\/product_tag?post=70250"}],"curies":[{"name":"wp","href":"https:\/\/api.w.org\/{rel}","templated":true}]}}