{"id":70249,"date":"2025-12-30T00:00:01","date_gmt":"2025-12-29T23:00:01","guid":{"rendered":"https:\/\/modelkars.com\/?post_type=product&#038;p=70249"},"modified":"2025-12-31T13:59:01","modified_gmt":"2025-12-31T12:59:01","slug":"ot1118-volkswagen-golf-7-5-r-oettinger-rouge-tornado","status":"publish","type":"product","link":"https:\/\/modelkars.com\/fr\/shop\/ottomobile\/ot1118-volkswagen-golf-7-5-r-oettinger-rouge-tornado\/","title":{"rendered":"Volkswagen Golf 7.5 R Oettinger"},"content":{"rendered":"","protected":false},"excerpt":{"rendered":"<p>Cette Volkswagen Golf 7.5 R Oettinger \u00e0 l\u2019\u00e9chelle 1:18 est reproduite en r\u00e9sine dans une teinte rouge Tornado \u00e9clatante. Ce mod\u00e8le r\u00e9duit par Ottomobile capture parfaitement les lignes dynamiques et le caract\u00e8re sportif de cette compacte survitamin\u00e9e. L\u2019Oettinger R d\u00e9veloppe plus de 400 chevaux gr\u00e2ce \u00e0 une pr\u00e9paration pouss\u00e9e du c\u00e9l\u00e8bre pr\u00e9parateur allemand. \u00c9dition limit\u00e9e \u00e0 999 exemplaires.<\/p>\n","protected":false},"featured_media":70251,"template":"","meta":{"_seopress_robots_primary_cat":"","_seopress_titles_title":"","_seopress_titles_desc":"","_seopress_robots_index":""},"product_brand":[],"product_cat":[225],"product_tag":[84,93,92,85],"class_list":{"0":"post-70249","1":"product","2":"type-product","3":"status-publish","4":"has-post-thumbnail","6":"product_cat-ottomobile","7":"product_tag-echelle-118","8":"product_tag-edition-limitee","9":"product_tag-resine","10":"product_tag-sans-ouvrants","12":"first","13":"instock","14":"taxable","15":"shipping-taxable","16":"purchasable","17":"product-type-simple"},"_links":{"self":[{"href":"https:\/\/modelkars.com\/fr\/wp-json\/wp\/v2\/product\/70249","targetHints":{"allow":["GET"]}}],"collection":[{"href":"https:\/\/modelkars.com\/fr\/wp-json\/wp\/v2\/product"}],"about":[{"href":"https:\/\/modelkars.com\/fr\/wp-json\/wp\/v2\/types\/product"}],"wp:featuredmedia":[{"embeddable":true,"href":"https:\/\/modelkars.com\/fr\/wp-json\/wp\/v2\/media\/70251"}],"wp:attachment":[{"href":"https:\/\/modelkars.com\/fr\/wp-json\/wp\/v2\/media?parent=70249"}],"wp:term":[{"taxonomy":"product_brand","embeddable":true,"href":"https:\/\/modelkars.com\/fr\/wp-json\/wp\/v2\/product_brand?post=70249"},{"taxonomy":"product_cat","embeddable":true,"href":"https:\/\/modelkars.com\/fr\/wp-json\/wp\/v2\/product_cat?post=70249"},{"taxonomy":"product_tag","embeddable":true,"href":"https:\/\/modelkars.com\/fr\/wp-json\/wp\/v2\/product_tag?post=70249"}],"curies":[{"name":"wp","href":"https:\/\/api.w.org\/{rel}","templated":true}]}}