{"id":70248,"date":"2025-08-22T18:10:15","date_gmt":"2025-08-22T16:10:15","guid":{"rendered":"https:\/\/modelkars.com\/?post_type=product&#038;p=70248"},"modified":"2025-12-01T01:51:59","modified_gmt":"2025-12-01T00:51:59","slug":"im1830bk-a-porsche-911-s-t-992-noir","status":"publish","type":"product","link":"https:\/\/modelkars.com\/fr\/shop\/ivy-model\/im1830bk-a-porsche-911-s-t-992-noir\/","title":{"rendered":"Porsche 911 S\/T (992)"},"content":{"rendered":"","protected":false},"excerpt":{"rendered":"<p>Cette Porsche 911 S\/T (992) noire \u00e0 l&rsquo;\u00e9chelle 1:18 reproduit l&rsquo;une des 911 les plus ch\u00e8res de l&rsquo;histoire. Con\u00e7ue par IVY Model en r\u00e9sine, cette \u00e9dition de 15 exemplaires comprend socle et vitrine. Le mod\u00e8le r\u00e9el co\u00fbte plus de 300 000 dollars, soit 110 000 dollars de plus qu&rsquo;une GT3 Touring.<\/p>\n","protected":false},"featured_media":72282,"template":"","meta":{"_seopress_robots_primary_cat":"","_seopress_titles_title":"","_seopress_titles_desc":"","_seopress_robots_index":""},"product_brand":[],"product_cat":[652],"product_tag":[84,93,92,85,86,323],"class_list":{"0":"post-70248","1":"product","2":"type-product","3":"status-publish","4":"has-post-thumbnail","6":"product_cat-ivy-model","7":"product_tag-echelle-118","8":"product_tag-edition-limitee","9":"product_tag-resine","10":"product_tag-sans-ouvrants","11":"product_tag-socle-inclus","12":"product_tag-vitrine-incluse","14":"first","15":"outofstock","16":"taxable","17":"shipping-taxable","18":"purchasable","19":"product-type-simple"},"_links":{"self":[{"href":"https:\/\/modelkars.com\/fr\/wp-json\/wp\/v2\/product\/70248","targetHints":{"allow":["GET"]}}],"collection":[{"href":"https:\/\/modelkars.com\/fr\/wp-json\/wp\/v2\/product"}],"about":[{"href":"https:\/\/modelkars.com\/fr\/wp-json\/wp\/v2\/types\/product"}],"wp:featuredmedia":[{"embeddable":true,"href":"https:\/\/modelkars.com\/fr\/wp-json\/wp\/v2\/media\/72282"}],"wp:attachment":[{"href":"https:\/\/modelkars.com\/fr\/wp-json\/wp\/v2\/media?parent=70248"}],"wp:term":[{"taxonomy":"product_brand","embeddable":true,"href":"https:\/\/modelkars.com\/fr\/wp-json\/wp\/v2\/product_brand?post=70248"},{"taxonomy":"product_cat","embeddable":true,"href":"https:\/\/modelkars.com\/fr\/wp-json\/wp\/v2\/product_cat?post=70248"},{"taxonomy":"product_tag","embeddable":true,"href":"https:\/\/modelkars.com\/fr\/wp-json\/wp\/v2\/product_tag?post=70248"}],"curies":[{"name":"wp","href":"https:\/\/api.w.org\/{rel}","templated":true}]}}