{"id":70247,"date":"2025-08-22T18:18:15","date_gmt":"2025-08-22T16:18:15","guid":{"rendered":"https:\/\/modelkars.com\/?post_type=product&#038;p=70247"},"modified":"2025-12-01T01:51:59","modified_gmt":"2025-12-01T00:51:59","slug":"im1830mr-c-porsche-911-s-t-992-rouge","status":"publish","type":"product","link":"https:\/\/modelkars.com\/fr\/shop\/ivy-model\/im1830mr-c-porsche-911-s-t-992-rouge\/","title":{"rendered":"Porsche 911 S\/T (992)"},"content":{"rendered":"","protected":false},"excerpt":{"rendered":"<p>Cette Porsche 911 S\/T (992) rouge \u00e0 l&rsquo;\u00e9chelle 1:18 reproduit le mod\u00e8le hommage de la marque. Fabriqu\u00e9e par IVY Model en r\u00e9sine, cette s\u00e9rie de 20 exemplaires est fournie avec socle et vitrine. Elle rend hommage \u00e0 la 911 ST de 1969, version de course l\u00e9gendaire de l&rsquo;\u00e9poque.<\/p>\n","protected":false},"featured_media":70732,"template":"","meta":{"_seopress_robots_primary_cat":"","_seopress_titles_title":"","_seopress_titles_desc":"","_seopress_robots_index":""},"product_brand":[],"product_cat":[652],"product_tag":[84,93,92,85,86,323],"class_list":{"0":"post-70247","1":"product","2":"type-product","3":"status-publish","4":"has-post-thumbnail","6":"product_cat-ivy-model","7":"product_tag-echelle-118","8":"product_tag-edition-limitee","9":"product_tag-resine","10":"product_tag-sans-ouvrants","11":"product_tag-socle-inclus","12":"product_tag-vitrine-incluse","14":"first","15":"outofstock","16":"taxable","17":"shipping-taxable","18":"purchasable","19":"product-type-simple"},"_links":{"self":[{"href":"https:\/\/modelkars.com\/fr\/wp-json\/wp\/v2\/product\/70247","targetHints":{"allow":["GET"]}}],"collection":[{"href":"https:\/\/modelkars.com\/fr\/wp-json\/wp\/v2\/product"}],"about":[{"href":"https:\/\/modelkars.com\/fr\/wp-json\/wp\/v2\/types\/product"}],"wp:featuredmedia":[{"embeddable":true,"href":"https:\/\/modelkars.com\/fr\/wp-json\/wp\/v2\/media\/70732"}],"wp:attachment":[{"href":"https:\/\/modelkars.com\/fr\/wp-json\/wp\/v2\/media?parent=70247"}],"wp:term":[{"taxonomy":"product_brand","embeddable":true,"href":"https:\/\/modelkars.com\/fr\/wp-json\/wp\/v2\/product_brand?post=70247"},{"taxonomy":"product_cat","embeddable":true,"href":"https:\/\/modelkars.com\/fr\/wp-json\/wp\/v2\/product_cat?post=70247"},{"taxonomy":"product_tag","embeddable":true,"href":"https:\/\/modelkars.com\/fr\/wp-json\/wp\/v2\/product_tag?post=70247"}],"curies":[{"name":"wp","href":"https:\/\/api.w.org\/{rel}","templated":true}]}}