{"id":70246,"date":"2025-10-01T19:18:15","date_gmt":"2025-10-01T17:18:15","guid":{"rendered":"https:\/\/modelkars.com\/?post_type=product&#038;p=70246"},"modified":"2025-12-01T01:51:47","modified_gmt":"2025-12-01T00:51:47","slug":"im1830pl-b-porsche-911-s-t-992-violet","status":"publish","type":"product","link":"https:\/\/modelkars.com\/fr\/shop\/ivy-model\/im1830pl-b-porsche-911-s-t-992-violet\/","title":{"rendered":"Porsche 911 S\/T (992)"},"content":{"rendered":"","protected":false},"excerpt":{"rendered":"<p>Cette Porsche 911 S\/T (992) violette \u00e0 l&rsquo;\u00e9chelle 1:18 repr\u00e9sente la version all\u00e9g\u00e9e de la gamme. Cr\u00e9\u00e9e par IVY Model en r\u00e9sine, cette s\u00e9rie de 15 exemplaires est livr\u00e9e avec socle et vitrine. Ses jantes magn\u00e9sium font \u00e9conomiser 10 kg par rapport aux versions standard.<\/p>\n","protected":false},"featured_media":75006,"template":"","meta":{"_seopress_robots_primary_cat":"","_seopress_titles_title":"","_seopress_titles_desc":"","_seopress_robots_index":""},"product_brand":[],"product_cat":[652],"product_tag":[84,93,92,85,86,323],"class_list":{"0":"post-70246","1":"product","2":"type-product","3":"status-publish","4":"has-post-thumbnail","6":"product_cat-ivy-model","7":"product_tag-echelle-118","8":"product_tag-edition-limitee","9":"product_tag-resine","10":"product_tag-sans-ouvrants","11":"product_tag-socle-inclus","12":"product_tag-vitrine-incluse","14":"first","15":"outofstock","16":"taxable","17":"shipping-taxable","18":"purchasable","19":"product-type-simple"},"_links":{"self":[{"href":"https:\/\/modelkars.com\/fr\/wp-json\/wp\/v2\/product\/70246","targetHints":{"allow":["GET"]}}],"collection":[{"href":"https:\/\/modelkars.com\/fr\/wp-json\/wp\/v2\/product"}],"about":[{"href":"https:\/\/modelkars.com\/fr\/wp-json\/wp\/v2\/types\/product"}],"wp:featuredmedia":[{"embeddable":true,"href":"https:\/\/modelkars.com\/fr\/wp-json\/wp\/v2\/media\/75006"}],"wp:attachment":[{"href":"https:\/\/modelkars.com\/fr\/wp-json\/wp\/v2\/media?parent=70246"}],"wp:term":[{"taxonomy":"product_brand","embeddable":true,"href":"https:\/\/modelkars.com\/fr\/wp-json\/wp\/v2\/product_brand?post=70246"},{"taxonomy":"product_cat","embeddable":true,"href":"https:\/\/modelkars.com\/fr\/wp-json\/wp\/v2\/product_cat?post=70246"},{"taxonomy":"product_tag","embeddable":true,"href":"https:\/\/modelkars.com\/fr\/wp-json\/wp\/v2\/product_tag?post=70246"}],"curies":[{"name":"wp","href":"https:\/\/api.w.org\/{rel}","templated":true}]}}