{"id":70243,"date":"2025-10-01T19:18:14","date_gmt":"2025-10-01T17:18:14","guid":{"rendered":"https:\/\/modelkars.com\/?post_type=product&#038;p=70243"},"modified":"2025-12-01T01:51:47","modified_gmt":"2025-12-01T00:51:47","slug":"im1830wh-b-porsche-911-s-t-992-blanc","status":"publish","type":"product","link":"https:\/\/modelkars.com\/fr\/shop\/ivy-model\/im1830wh-b-porsche-911-s-t-992-blanc\/","title":{"rendered":"Porsche 911 S\/T (992)"},"content":{"rendered":"","protected":false},"excerpt":{"rendered":"<p>Cette Porsche 911 S\/T (992) blanche \u00e0 l&rsquo;\u00e9chelle 1:18 reproduit la plus l\u00e9g\u00e8re des 992 avec ses 1455 kg. Fabriqu\u00e9e par IVY Model en r\u00e9sine, cette \u00e9dition de 20 exemplaires est fournie avec socle et vitrine. Le mod\u00e8le r\u00e9el est produit \u00e0 1963 exemplaires seulement, en r\u00e9f\u00e9rence \u00e0 l&rsquo;ann\u00e9e de cr\u00e9ation de la 911.<\/p>\n","protected":false},"featured_media":72292,"template":"","meta":{"_seopress_robots_primary_cat":"","_seopress_titles_title":"","_seopress_titles_desc":"","_seopress_robots_index":""},"product_brand":[],"product_cat":[652],"product_tag":[84,93,92,85,86,323],"class_list":{"0":"post-70243","1":"product","2":"type-product","3":"status-publish","4":"has-post-thumbnail","6":"product_cat-ivy-model","7":"product_tag-echelle-118","8":"product_tag-edition-limitee","9":"product_tag-resine","10":"product_tag-sans-ouvrants","11":"product_tag-socle-inclus","12":"product_tag-vitrine-incluse","14":"first","15":"outofstock","16":"taxable","17":"shipping-taxable","18":"purchasable","19":"product-type-simple"},"_links":{"self":[{"href":"https:\/\/modelkars.com\/fr\/wp-json\/wp\/v2\/product\/70243","targetHints":{"allow":["GET"]}}],"collection":[{"href":"https:\/\/modelkars.com\/fr\/wp-json\/wp\/v2\/product"}],"about":[{"href":"https:\/\/modelkars.com\/fr\/wp-json\/wp\/v2\/types\/product"}],"wp:featuredmedia":[{"embeddable":true,"href":"https:\/\/modelkars.com\/fr\/wp-json\/wp\/v2\/media\/72292"}],"wp:attachment":[{"href":"https:\/\/modelkars.com\/fr\/wp-json\/wp\/v2\/media?parent=70243"}],"wp:term":[{"taxonomy":"product_brand","embeddable":true,"href":"https:\/\/modelkars.com\/fr\/wp-json\/wp\/v2\/product_brand?post=70243"},{"taxonomy":"product_cat","embeddable":true,"href":"https:\/\/modelkars.com\/fr\/wp-json\/wp\/v2\/product_cat?post=70243"},{"taxonomy":"product_tag","embeddable":true,"href":"https:\/\/modelkars.com\/fr\/wp-json\/wp\/v2\/product_tag?post=70243"}],"curies":[{"name":"wp","href":"https:\/\/api.w.org\/{rel}","templated":true}]}}