{"id":70242,"date":"2025-07-29T00:00:01","date_gmt":"2025-07-28T22:00:01","guid":{"rendered":"https:\/\/modelkars.com\/?post_type=product&#038;p=70242"},"modified":"2025-12-01T01:52:05","modified_gmt":"2025-12-01T00:52:05","slug":"ab-m5e28red-bmw-m5-e28-rouge","status":"publish","type":"product","link":"https:\/\/modelkars.com\/fr\/shop\/ab-models\/ab-m5e28red-bmw-m5-e28-rouge\/","title":{"rendered":"BMW M5 E28"},"content":{"rendered":"","protected":false},"excerpt":{"rendered":"<p class=\"whitespace-normal break-words\">La passion automobile allemande s&rsquo;incarne dans cette BMW M5 E28 rouge \u00e0 l&rsquo;\u00e9chelle 1:18. Cette \u00e9dition limit\u00e9e de 60 exemplaires perp\u00e9tue la l\u00e9gende de la premi\u00e8re supersaloon, pr\u00e9sent\u00e9e avec son socle et sa vitrine. Le moteur de cette M5 d\u00e9rivait directement de celui de la M1, cr\u00e9ant un lien unique entre voiture de route et de course.<\/p>\n","protected":false},"featured_media":70452,"template":"","meta":{"_seopress_robots_primary_cat":"","_seopress_titles_title":"","_seopress_titles_desc":"","_seopress_robots_index":""},"product_brand":[],"product_cat":[651],"product_tag":[84,93,92,85,86,323],"class_list":{"0":"post-70242","1":"product","2":"type-product","3":"status-publish","4":"has-post-thumbnail","6":"product_cat-ab-models","7":"product_tag-echelle-118","8":"product_tag-edition-limitee","9":"product_tag-resine","10":"product_tag-sans-ouvrants","11":"product_tag-socle-inclus","12":"product_tag-vitrine-incluse","14":"first","15":"outofstock","16":"taxable","17":"shipping-taxable","18":"purchasable","19":"product-type-simple"},"_links":{"self":[{"href":"https:\/\/modelkars.com\/fr\/wp-json\/wp\/v2\/product\/70242","targetHints":{"allow":["GET"]}}],"collection":[{"href":"https:\/\/modelkars.com\/fr\/wp-json\/wp\/v2\/product"}],"about":[{"href":"https:\/\/modelkars.com\/fr\/wp-json\/wp\/v2\/types\/product"}],"wp:featuredmedia":[{"embeddable":true,"href":"https:\/\/modelkars.com\/fr\/wp-json\/wp\/v2\/media\/70452"}],"wp:attachment":[{"href":"https:\/\/modelkars.com\/fr\/wp-json\/wp\/v2\/media?parent=70242"}],"wp:term":[{"taxonomy":"product_brand","embeddable":true,"href":"https:\/\/modelkars.com\/fr\/wp-json\/wp\/v2\/product_brand?post=70242"},{"taxonomy":"product_cat","embeddable":true,"href":"https:\/\/modelkars.com\/fr\/wp-json\/wp\/v2\/product_cat?post=70242"},{"taxonomy":"product_tag","embeddable":true,"href":"https:\/\/modelkars.com\/fr\/wp-json\/wp\/v2\/product_tag?post=70242"}],"curies":[{"name":"wp","href":"https:\/\/api.w.org\/{rel}","templated":true}]}}