{"id":70241,"date":"2025-07-29T00:00:01","date_gmt":"2025-07-28T22:00:01","guid":{"rendered":"https:\/\/modelkars.com\/?post_type=product&#038;p=70241"},"modified":"2025-12-01T01:52:05","modified_gmt":"2025-12-01T00:52:05","slug":"ab-m5e28blue-bmw-m5-e28-bleu","status":"publish","type":"product","link":"https:\/\/modelkars.com\/fr\/shop\/ab-models\/ab-m5e28blue-bmw-m5-e28-bleu\/","title":{"rendered":"BMW M5 E28"},"content":{"rendered":"","protected":false},"excerpt":{"rendered":"<p class=\"whitespace-normal break-words\">Cette BMW M5 E28 exprime toute sa sportivit\u00e9 dans une robe bleue saisissante \u00e0 l&rsquo;\u00e9chelle 1:18. \u00c9dition limit\u00e9e \u00e0 60 pi\u00e8ces, elle capture l&rsquo;esprit pionnier de Munich, livr\u00e9e avec socle et vitrine protectrice. Cette M5 originelle \u00e9tablit les codes de la berline sportive moderne, associant confort familial et performances de supercar.<\/p>\n<p class=\"whitespace-normal break-words\">\n","protected":false},"featured_media":70450,"template":"","meta":{"_seopress_robots_primary_cat":"","_seopress_titles_title":"","_seopress_titles_desc":"","_seopress_robots_index":""},"product_brand":[],"product_cat":[651],"product_tag":[84,93,92,85,86,323],"class_list":{"0":"post-70241","1":"product","2":"type-product","3":"status-publish","4":"has-post-thumbnail","6":"product_cat-ab-models","7":"product_tag-echelle-118","8":"product_tag-edition-limitee","9":"product_tag-resine","10":"product_tag-sans-ouvrants","11":"product_tag-socle-inclus","12":"product_tag-vitrine-incluse","14":"first","15":"outofstock","16":"taxable","17":"shipping-taxable","18":"purchasable","19":"product-type-simple"},"_links":{"self":[{"href":"https:\/\/modelkars.com\/fr\/wp-json\/wp\/v2\/product\/70241","targetHints":{"allow":["GET"]}}],"collection":[{"href":"https:\/\/modelkars.com\/fr\/wp-json\/wp\/v2\/product"}],"about":[{"href":"https:\/\/modelkars.com\/fr\/wp-json\/wp\/v2\/types\/product"}],"wp:featuredmedia":[{"embeddable":true,"href":"https:\/\/modelkars.com\/fr\/wp-json\/wp\/v2\/media\/70450"}],"wp:attachment":[{"href":"https:\/\/modelkars.com\/fr\/wp-json\/wp\/v2\/media?parent=70241"}],"wp:term":[{"taxonomy":"product_brand","embeddable":true,"href":"https:\/\/modelkars.com\/fr\/wp-json\/wp\/v2\/product_brand?post=70241"},{"taxonomy":"product_cat","embeddable":true,"href":"https:\/\/modelkars.com\/fr\/wp-json\/wp\/v2\/product_cat?post=70241"},{"taxonomy":"product_tag","embeddable":true,"href":"https:\/\/modelkars.com\/fr\/wp-json\/wp\/v2\/product_tag?post=70241"}],"curies":[{"name":"wp","href":"https:\/\/api.w.org\/{rel}","templated":true}]}}