{"id":70239,"date":"2025-07-29T00:00:01","date_gmt":"2025-07-28T22:00:01","guid":{"rendered":"https:\/\/modelkars.com\/?post_type=product&#038;p=70239"},"modified":"2025-12-02T00:00:17","modified_gmt":"2025-12-01T23:00:17","slug":"ab-m5e28bk-bmw-m5-e28-noir","status":"publish","type":"product","link":"https:\/\/modelkars.com\/fr\/shop\/ab-models\/ab-m5e28bk-bmw-m5-e28-noir\/","title":{"rendered":"BMW M5 E28"},"content":{"rendered":"","protected":false},"excerpt":{"rendered":"<p>Cette BMW M5 E28 revisite l&rsquo;ic\u00f4ne bavaroise dans un noir profond \u00e0 l&rsquo;\u00e9chelle 1:18. Limit\u00e9e \u00e0 60 exemplaires, cette miniature rend hommage \u00e0 la premi\u00e8re M5 de l&rsquo;histoire, pr\u00e9sent\u00e9e avec son socle et sa vitrine. Lanc\u00e9e en 1984, la M5 E28 fut la premi\u00e8re berline familiale capable de d\u00e9passer 250 km\/h, r\u00e9volutionnant le concept de voiture sportive pratique.<\/p>\n","protected":false},"featured_media":70446,"template":"","meta":{"_seopress_robots_primary_cat":"","_seopress_titles_title":"","_seopress_titles_desc":"","_seopress_robots_index":""},"product_brand":[],"product_cat":[651],"product_tag":[84,93,92,85,86,323],"class_list":{"0":"post-70239","1":"product","2":"type-product","3":"status-publish","4":"has-post-thumbnail","6":"product_cat-ab-models","7":"product_tag-echelle-118","8":"product_tag-edition-limitee","9":"product_tag-resine","10":"product_tag-sans-ouvrants","11":"product_tag-socle-inclus","12":"product_tag-vitrine-incluse","14":"first","15":"outofstock","16":"taxable","17":"shipping-taxable","18":"purchasable","19":"product-type-simple"},"_links":{"self":[{"href":"https:\/\/modelkars.com\/fr\/wp-json\/wp\/v2\/product\/70239","targetHints":{"allow":["GET"]}}],"collection":[{"href":"https:\/\/modelkars.com\/fr\/wp-json\/wp\/v2\/product"}],"about":[{"href":"https:\/\/modelkars.com\/fr\/wp-json\/wp\/v2\/types\/product"}],"wp:featuredmedia":[{"embeddable":true,"href":"https:\/\/modelkars.com\/fr\/wp-json\/wp\/v2\/media\/70446"}],"wp:attachment":[{"href":"https:\/\/modelkars.com\/fr\/wp-json\/wp\/v2\/media?parent=70239"}],"wp:term":[{"taxonomy":"product_brand","embeddable":true,"href":"https:\/\/modelkars.com\/fr\/wp-json\/wp\/v2\/product_brand?post=70239"},{"taxonomy":"product_cat","embeddable":true,"href":"https:\/\/modelkars.com\/fr\/wp-json\/wp\/v2\/product_cat?post=70239"},{"taxonomy":"product_tag","embeddable":true,"href":"https:\/\/modelkars.com\/fr\/wp-json\/wp\/v2\/product_tag?post=70239"}],"curies":[{"name":"wp","href":"https:\/\/api.w.org\/{rel}","templated":true}]}}